{"id":130,"date":"2022-01-01T18:49:24","date_gmt":"2022-01-01T17:49:24","guid":{"rendered":"https:\/\/hafhaf.eu\/?page_id=130"},"modified":"2022-01-02T01:21:58","modified_gmt":"2022-01-02T00:21:58","slug":"kocky","status":"publish","type":"page","link":"https:\/\/hafhaf.eu\/?page_id=130","title":{"rendered":"Ko\u010dky"},"content":{"rendered":"<div data-block-name=\"woocommerce\/product-category\" data-categories=\"[24]\" class=\"wc-block-grid wp-block-product-category wc-block-product-category has-3-columns has-multiple-rows\"><ul class=\"wc-block-grid__products\"><li class=\"wc-block-grid__product\">\n\t\t\t\t<a href=\"https:\/\/hafhaf.eu\/?product=alavis-enzymoterapie-curenzym-pro-psy-a-kocky-80cps\" class=\"wc-block-grid__product-link\">\n\t\t\t\t\t<div class=\"wc-block-grid__product-image\"><img loading=\"lazy\" decoding=\"async\" width=\"245\" height=\"300\" src=\"https:\/\/hafhaf.eu\/wp-content\/uploads\/2022\/01\/V329-245x300.jpg\" class=\"attachment-woocommerce_thumbnail size-woocommerce_thumbnail\" alt=\"Alavis Enzymoterapie-Curenzym pro psy a ko\u010dky 80cps\" \/><\/div>\n\t\t\t\t\t<div class=\"wc-block-grid__product-title\">Alavis Enzymoterapie-Curenzym pro psy a ko\u010dky 80cps<\/div>\n\t\t\t\t<\/a>\n\t\t\t\t\n\t\t\t\t<div class=\"wc-block-grid__product-price price\"><span class=\"woocommerce-Price-amount amount\">945.01&nbsp;<span class=\"woocommerce-Price-currencySymbol\">K\u010d<\/span><\/span><\/div>\n\t\t\t\t\n\t\t\t\t<div class=\"wp-block-button wc-block-grid__product-add-to-cart\"><a href=\"?add-to-cart=194\" aria-label=\"Add &ldquo;Alavis Enzymoterapie-Curenzym pro psy a ko\u010dky 80cps&rdquo; to your cart\" data-quantity=\"1\" data-product_id=\"194\" data-product_sku=\"\" rel=\"nofollow\" class=\"wp-block-button__link add_to_cart_button ajax_add_to_cart\">Add to cart<\/a><\/div>\n\t\t\t<\/li><li class=\"wc-block-grid__product\">\n\t\t\t\t<a href=\"https:\/\/hafhaf.eu\/?product=alavis-nutri-pro-psy-a-kocky-200ml\" class=\"wc-block-grid__product-link\">\n\t\t\t\t\t<div class=\"wc-block-grid__product-image\"><img loading=\"lazy\" decoding=\"async\" width=\"265\" height=\"300\" src=\"https:\/\/hafhaf.eu\/wp-content\/uploads\/2022\/01\/117212-265x300.jpg\" class=\"attachment-woocommerce_thumbnail size-woocommerce_thumbnail\" alt=\"Alavis Nutri pro psy a ko\u010dky 200ml\" \/><\/div>\n\t\t\t\t\t<div class=\"wc-block-grid__product-title\">Alavis Nutri pro psy a ko\u010dky 200ml<\/div>\n\t\t\t\t<\/a>\n\t\t\t\t\n\t\t\t\t<div class=\"wc-block-grid__product-price price\"><span class=\"woocommerce-Price-amount amount\">454.96&nbsp;<span class=\"woocommerce-Price-currencySymbol\">K\u010d<\/span><\/span><\/div>\n\t\t\t\t\n\t\t\t\t<div class=\"wp-block-button wc-block-grid__product-add-to-cart\"><a href=\"?add-to-cart=193\" aria-label=\"Add &ldquo;Alavis Nutri pro psy a ko\u010dky 200ml&rdquo; to your cart\" data-quantity=\"1\" data-product_id=\"193\" data-product_sku=\"\" rel=\"nofollow\" class=\"wp-block-button__link add_to_cart_button ajax_add_to_cart\">Add to cart<\/a><\/div>\n\t\t\t<\/li><li class=\"wc-block-grid__product\">\n\t\t\t\t<a href=\"https:\/\/hafhaf.eu\/?product=alavis-hemagel-7g\" class=\"wc-block-grid__product-link\">\n\t\t\t\t\t<div class=\"wc-block-grid__product-image\"><img loading=\"lazy\" decoding=\"async\" width=\"245\" height=\"300\" src=\"https:\/\/hafhaf.eu\/wp-content\/uploads\/2022\/01\/52989-245x300.jpg\" class=\"attachment-woocommerce_thumbnail size-woocommerce_thumbnail\" alt=\"Alavis Hemagel 7g\" \/><\/div>\n\t\t\t\t\t<div class=\"wc-block-grid__product-title\">Alavis Hemagel 7g<\/div>\n\t\t\t\t<\/a>\n\t\t\t\t\n\t\t\t\t<div class=\"wc-block-grid__product-price price\"><span class=\"woocommerce-Price-amount amount\">427.13&nbsp;<span class=\"woocommerce-Price-currencySymbol\">K\u010d<\/span><\/span><\/div>\n\t\t\t\t\n\t\t\t\t<div class=\"wp-block-button wc-block-grid__product-add-to-cart\"><a href=\"?add-to-cart=191\" aria-label=\"Add &ldquo;Alavis Hemagel 7g&rdquo; to your cart\" data-quantity=\"1\" data-product_id=\"191\" data-product_sku=\"\" rel=\"nofollow\" class=\"wp-block-button__link add_to_cart_button ajax_add_to_cart\">Add to cart<\/a><\/div>\n\t\t\t<\/li><li class=\"wc-block-grid__product\">\n\t\t\t\t<a href=\"https:\/\/hafhaf.eu\/?product=afp-plysova-myska-lamb-3-ks-se-santou\" class=\"wc-block-grid__product-link\">\n\t\t\t\t\t<div class=\"wc-block-grid__product-image\"><img loading=\"lazy\" decoding=\"async\" width=\"300\" height=\"300\" src=\"https:\/\/hafhaf.eu\/wp-content\/uploads\/2022\/01\/21642_3-300x300.jpg\" class=\"attachment-woocommerce_thumbnail size-woocommerce_thumbnail\" alt=\"AFP Ply\u0161ov\u00e1 my\u0161ka Lamb \u2013 3 ks \u2013 se \u0161antou\" srcset=\"https:\/\/hafhaf.eu\/wp-content\/uploads\/2022\/01\/21642_3-300x300.jpg 300w, https:\/\/hafhaf.eu\/wp-content\/uploads\/2022\/01\/21642_3-150x150.jpg 150w, https:\/\/hafhaf.eu\/wp-content\/uploads\/2022\/01\/21642_3-100x100.jpg 100w, https:\/\/hafhaf.eu\/wp-content\/uploads\/2022\/01\/21642_3.jpg 350w\" sizes=\"auto, (max-width: 300px) 100vw, 300px\" \/><\/div>\n\t\t\t\t\t<div class=\"wc-block-grid__product-title\">AFP Ply\u0161ov\u00e1 my\u0161ka Lamb \u2013 3 ks \u2013 se \u0161antou<\/div>\n\t\t\t\t<\/a>\n\t\t\t\t\n\t\t\t\t<div class=\"wc-block-grid__product-price price\"><span class=\"woocommerce-Price-amount amount\">154.88&nbsp;<span class=\"woocommerce-Price-currencySymbol\">K\u010d<\/span><\/span><\/div>\n\t\t\t\t\n\t\t\t\t<div class=\"wp-block-button wc-block-grid__product-add-to-cart\"><a href=\"?add-to-cart=189\" aria-label=\"Add &ldquo;AFP Ply\u0161ov\u00e1 my\u0161ka Lamb \u2013 3 ks \u2013 se \u0161antou&rdquo; to your cart\" data-quantity=\"1\" data-product_id=\"189\" data-product_sku=\"\" rel=\"nofollow\" class=\"wp-block-button__link add_to_cart_button ajax_add_to_cart\">Add to cart<\/a><\/div>\n\t\t\t<\/li><li class=\"wc-block-grid__product\">\n\t\t\t\t<a href=\"https:\/\/hafhaf.eu\/?product=afp-myska-dreams-catcher-s-rolnickou-baleni-2-ks\" class=\"wc-block-grid__product-link\">\n\t\t\t\t\t<div class=\"wc-block-grid__product-image\"><img loading=\"lazy\" decoding=\"async\" width=\"300\" height=\"300\" src=\"https:\/\/hafhaf.eu\/wp-content\/uploads\/2022\/01\/21666_3-300x300.jpg\" class=\"attachment-woocommerce_thumbnail size-woocommerce_thumbnail\" alt=\"AFP My\u0161ka Dreams Catcher s rolni\u010dkou \u2013 balen\u00ed 2 ks\" srcset=\"https:\/\/hafhaf.eu\/wp-content\/uploads\/2022\/01\/21666_3-300x300.jpg 300w, https:\/\/hafhaf.eu\/wp-content\/uploads\/2022\/01\/21666_3-150x150.jpg 150w, https:\/\/hafhaf.eu\/wp-content\/uploads\/2022\/01\/21666_3-100x100.jpg 100w, https:\/\/hafhaf.eu\/wp-content\/uploads\/2022\/01\/21666_3.jpg 350w\" sizes=\"auto, (max-width: 300px) 100vw, 300px\" \/><\/div>\n\t\t\t\t\t<div class=\"wc-block-grid__product-title\">AFP My\u0161ka Dreams Catcher s rolni\u010dkou \u2013 balen\u00ed 2 ks<\/div>\n\t\t\t\t<\/a>\n\t\t\t\t\n\t\t\t\t<div class=\"wc-block-grid__product-price price\"><span class=\"woocommerce-Price-amount amount\">192.39&nbsp;<span class=\"woocommerce-Price-currencySymbol\">K\u010d<\/span><\/span><\/div>\n\t\t\t\t\n\t\t\t\t<div class=\"wp-block-button wc-block-grid__product-add-to-cart\"><a href=\"?add-to-cart=187\" aria-label=\"Add &ldquo;AFP My\u0161ka Dreams Catcher s rolni\u010dkou \u2013 balen\u00ed 2 ks&rdquo; to your cart\" data-quantity=\"1\" data-product_id=\"187\" data-product_sku=\"\" rel=\"nofollow\" class=\"wp-block-button__link add_to_cart_button ajax_add_to_cart\">Add to cart<\/a><\/div>\n\t\t\t<\/li><li class=\"wc-block-grid__product\">\n\t\t\t\t<a href=\"https:\/\/hafhaf.eu\/?product=acana-cat-bountiful-catch-340g\" class=\"wc-block-grid__product-link\">\n\t\t\t\t\t<div class=\"wc-block-grid__product-image\"><img loading=\"lazy\" decoding=\"async\" width=\"265\" height=\"300\" src=\"https:\/\/hafhaf.eu\/wp-content\/uploads\/2022\/01\/121127-265x300.jpg\" class=\"attachment-woocommerce_thumbnail size-woocommerce_thumbnail\" alt=\"Acana Cat Bountiful Catch 340g\" \/><\/div>\n\t\t\t\t\t<div class=\"wc-block-grid__product-title\">Acana Cat Bountiful Catch 340g<\/div>\n\t\t\t\t<\/a>\n\t\t\t\t\n\t\t\t\t<div class=\"wc-block-grid__product-price price\"><span class=\"woocommerce-Price-amount amount\">168.19&nbsp;<span class=\"woocommerce-Price-currencySymbol\">K\u010d<\/span><\/span><\/div>\n\t\t\t\t\n\t\t\t\t<div class=\"wp-block-button wc-block-grid__product-add-to-cart\"><a href=\"?add-to-cart=185\" aria-label=\"Add &ldquo;Acana Cat Bountiful Catch 340g&rdquo; to your cart\" data-quantity=\"1\" data-product_id=\"185\" data-product_sku=\"\" rel=\"nofollow\" class=\"wp-block-button__link add_to_cart_button ajax_add_to_cart\">Add to cart<\/a><\/div>\n\t\t\t<\/li><li class=\"wc-block-grid__product\">\n\t\t\t\t<a href=\"https:\/\/hafhaf.eu\/?product=aatu-cat-85-15-duck-1kg\" class=\"wc-block-grid__product-link\">\n\t\t\t\t\t<div class=\"wc-block-grid__product-image\"><img loading=\"lazy\" decoding=\"async\" width=\"245\" height=\"300\" src=\"https:\/\/hafhaf.eu\/wp-content\/uploads\/2022\/01\/ADCAT1-245x300.jpg\" class=\"attachment-woocommerce_thumbnail size-woocommerce_thumbnail\" alt=\"AATU Cat 85\/15 Duck 1kg\" \/><\/div>\n\t\t\t\t\t<div class=\"wc-block-grid__product-title\">AATU Cat 85\/15 Duck 1kg<\/div>\n\t\t\t\t<\/a>\n\t\t\t\t\n\t\t\t\t<div class=\"wc-block-grid__product-price price\"><span class=\"woocommerce-Price-amount amount\">765.93&nbsp;<span class=\"woocommerce-Price-currencySymbol\">K\u010d<\/span><\/span><\/div>\n\t\t\t\t\n\t\t\t\t<div class=\"wp-block-button wc-block-grid__product-add-to-cart\"><a href=\"?add-to-cart=183\" aria-label=\"Add &ldquo;AATU Cat 85\/15 Duck 1kg&rdquo; to your cart\" data-quantity=\"1\" data-product_id=\"183\" data-product_sku=\"\" rel=\"nofollow\" class=\"wp-block-button__link add_to_cart_button ajax_add_to_cart\">Add to cart<\/a><\/div>\n\t\t\t<\/li><li class=\"wc-block-grid__product\">\n\t\t\t\t<a href=\"https:\/\/hafhaf.eu\/?product=aatu-cat-85-15-chicken-3kg\" class=\"wc-block-grid__product-link\">\n\t\t\t\t\t<div class=\"wc-block-grid__product-image\"><img loading=\"lazy\" decoding=\"async\" width=\"245\" height=\"300\" src=\"https:\/\/hafhaf.eu\/wp-content\/uploads\/2022\/01\/ACCAT1-245x300.jpg\" class=\"attachment-woocommerce_thumbnail size-woocommerce_thumbnail\" alt=\"AATU Cat 85\/15 Chicken 3kg\" \/><\/div>\n\t\t\t\t\t<div class=\"wc-block-grid__product-title\">AATU Cat 85\/15 Chicken 3kg<\/div>\n\t\t\t\t<\/a>\n\t\t\t\t\n\t\t\t\t<div class=\"wc-block-grid__product-price price\"><span class=\"woocommerce-Price-amount amount\">1301.96&nbsp;<span class=\"woocommerce-Price-currencySymbol\">K\u010d<\/span><\/span><\/div>\n\t\t\t\t\n\t\t\t\t<div class=\"wp-block-button wc-block-grid__product-add-to-cart\"><a href=\"?add-to-cart=182\" aria-label=\"Add &ldquo;AATU Cat 85\/15 Chicken 3kg&rdquo; to your cart\" data-quantity=\"1\" data-product_id=\"182\" data-product_sku=\"\" rel=\"nofollow\" class=\"wp-block-button__link add_to_cart_button ajax_add_to_cart\">Add to cart<\/a><\/div>\n\t\t\t<\/li><li class=\"wc-block-grid__product\">\n\t\t\t\t<a href=\"https:\/\/hafhaf.eu\/?product=aatu-cat-85-15-chicken-1kg\" class=\"wc-block-grid__product-link\">\n\t\t\t\t\t<div class=\"wc-block-grid__product-image\"><img loading=\"lazy\" decoding=\"async\" width=\"245\" height=\"300\" src=\"https:\/\/hafhaf.eu\/wp-content\/uploads\/2022\/01\/ACCAT1-245x300.jpg\" class=\"attachment-woocommerce_thumbnail size-woocommerce_thumbnail\" alt=\"AATU Cat 85\/15 Chicken 1kg\" \/><\/div>\n\t\t\t\t\t<div class=\"wc-block-grid__product-title\">AATU Cat 85\/15 Chicken 1kg<\/div>\n\t\t\t\t<\/a>\n\t\t\t\t<div class=\"wc-block-grid__product-onsale\">\n\t\t\t<span aria-hidden=\"true\">Sale<\/span>\n\t\t\t<span class=\"screen-reader-text\">Product on sale<\/span>\n\t\t<\/div>\n\t\t\t\t<div class=\"wc-block-grid__product-price price\"><del aria-hidden=\"true\"><span class=\"woocommerce-Price-amount amount\">641.30&nbsp;<span class=\"woocommerce-Price-currencySymbol\">K\u010d<\/span><\/span><\/del> <ins><span class=\"woocommerce-Price-amount amount\">508.20&nbsp;<span class=\"woocommerce-Price-currencySymbol\">K\u010d<\/span><\/span><\/ins><\/div>\n\t\t\t\t\n\t\t\t\t<div class=\"wp-block-button wc-block-grid__product-add-to-cart\"><a href=\"?add-to-cart=177\" aria-label=\"Add &ldquo;AATU Cat 85\/15 Chicken 1kg&rdquo; to your cart\" data-quantity=\"1\" data-product_id=\"177\" data-product_sku=\"\" rel=\"nofollow\" class=\"wp-block-button__link add_to_cart_button ajax_add_to_cart\">Add to cart<\/a><\/div>\n\t\t\t<\/li><\/ul><\/div>","protected":false},"excerpt":{"rendered":"","protected":false},"author":1,"featured_media":0,"parent":0,"menu_order":0,"comment_status":"closed","ping_status":"closed","template":"","meta":{"site-sidebar-layout":"default","site-content-layout":"default","ast-main-header-display":"","ast-hfb-above-header-display":"","ast-hfb-below-header-display":"","ast-hfb-mobile-header-display":"","site-post-title":"","ast-breadcrumbs-content":"","ast-featured-img":"","footer-sml-layout":"","theme-transparent-header-meta":"","adv-header-id-meta":"","stick-header-meta":"","header-above-stick-meta":"","header-main-stick-meta":"","header-below-stick-meta":"","footnotes":""},"class_list":["post-130","page","type-page","status-publish","hentry"],"_links":{"self":[{"href":"https:\/\/hafhaf.eu\/index.php?rest_route=\/wp\/v2\/pages\/130","targetHints":{"allow":["GET"]}}],"collection":[{"href":"https:\/\/hafhaf.eu\/index.php?rest_route=\/wp\/v2\/pages"}],"about":[{"href":"https:\/\/hafhaf.eu\/index.php?rest_route=\/wp\/v2\/types\/page"}],"author":[{"embeddable":true,"href":"https:\/\/hafhaf.eu\/index.php?rest_route=\/wp\/v2\/users\/1"}],"replies":[{"embeddable":true,"href":"https:\/\/hafhaf.eu\/index.php?rest_route=%2Fwp%2Fv2%2Fcomments&post=130"}],"version-history":[{"count":2,"href":"https:\/\/hafhaf.eu\/index.php?rest_route=\/wp\/v2\/pages\/130\/revisions"}],"predecessor-version":[{"id":181,"href":"https:\/\/hafhaf.eu\/index.php?rest_route=\/wp\/v2\/pages\/130\/revisions\/181"}],"wp:attachment":[{"href":"https:\/\/hafhaf.eu\/index.php?rest_route=%2Fwp%2Fv2%2Fmedia&parent=130"}],"curies":[{"name":"wp","href":"https:\/\/api.w.org\/{rel}","templated":true}]}}