{"id":131,"date":"2022-01-01T18:49:24","date_gmt":"2022-01-01T17:49:24","guid":{"rendered":"https:\/\/hafhaf.eu\/?page_id=131"},"modified":"2022-01-02T01:40:57","modified_gmt":"2022-01-02T00:40:57","slug":"psi","status":"publish","type":"page","link":"https:\/\/hafhaf.eu\/?page_id=131","title":{"rendered":"Psi"},"content":{"rendered":"<div data-block-name=\"woocommerce\/product-category\" data-categories=\"[23]\" class=\"wc-block-grid wp-block-product-category wc-block-product-category has-3-columns has-multiple-rows\"><ul class=\"wc-block-grid__products\"><li class=\"wc-block-grid__product\">\n\t\t\t\t<a href=\"https:\/\/hafhaf.eu\/?product=barking-heads-meaty-treats-beefy-bites-100g\" class=\"wc-block-grid__product-link\">\n\t\t\t\t\t<div class=\"wc-block-grid__product-image\"><img loading=\"lazy\" decoding=\"async\" width=\"245\" height=\"300\" src=\"https:\/\/hafhaf.eu\/wp-content\/uploads\/2022\/01\/BTSBF100-1-245x300.jpg\" class=\"attachment-woocommerce_thumbnail size-woocommerce_thumbnail\" alt=\"BARKING HEADS Meaty Treats Beefy Bites 100g\" \/><\/div>\n\t\t\t\t\t<div class=\"wc-block-grid__product-title\">BARKING HEADS Meaty Treats Beefy Bites 100g<\/div>\n\t\t\t\t<\/a>\n\t\t\t\t\n\t\t\t\t<div class=\"wc-block-grid__product-price price\"><span class=\"woocommerce-Price-amount amount\">142.78&nbsp;<span class=\"woocommerce-Price-currencySymbol\">K\u010d<\/span><\/span><\/div>\n\t\t\t\t\n\t\t\t\t<div class=\"wp-block-button wc-block-grid__product-add-to-cart\"><a href=\"?add-to-cart=219\" aria-label=\"Add &ldquo;BARKING HEADS Meaty Treats Beefy Bites 100g&rdquo; to your cart\" data-quantity=\"1\" data-product_id=\"219\" data-product_sku=\"\" rel=\"nofollow\" class=\"wp-block-button__link add_to_cart_button ajax_add_to_cart\">Add to cart<\/a><\/div>\n\t\t\t<\/li><li class=\"wc-block-grid__product\">\n\t\t\t\t<a href=\"https:\/\/hafhaf.eu\/?product=8in1-pochoutka-meaty-treats-fd-chicken-50g\" class=\"wc-block-grid__product-link\">\n\t\t\t\t\t<div class=\"wc-block-grid__product-image\"><img loading=\"lazy\" decoding=\"async\" width=\"245\" height=\"300\" src=\"https:\/\/hafhaf.eu\/wp-content\/uploads\/2022\/01\/T661439-245x300.jpg\" class=\"attachment-woocommerce_thumbnail size-woocommerce_thumbnail\" alt=\"8in1 Pochoutka Meaty Treats FD Chicken 50g\" \/><\/div>\n\t\t\t\t\t<div class=\"wc-block-grid__product-title\">8in1 Pochoutka Meaty Treats FD Chicken 50g<\/div>\n\t\t\t\t<\/a>\n\t\t\t\t\n\t\t\t\t<div class=\"wc-block-grid__product-price price\"><span class=\"woocommerce-Price-amount amount\">83.49&nbsp;<span class=\"woocommerce-Price-currencySymbol\">K\u010d<\/span><\/span><\/div>\n\t\t\t\t\n\t\t\t\t<div class=\"wp-block-button wc-block-grid__product-add-to-cart\"><a href=\"?add-to-cart=217\" aria-label=\"Add &ldquo;8in1 Pochoutka Meaty Treats FD Chicken 50g&rdquo; to your cart\" data-quantity=\"1\" data-product_id=\"217\" data-product_sku=\"\" rel=\"nofollow\" class=\"wp-block-button__link add_to_cart_button ajax_add_to_cart\">Add to cart<\/a><\/div>\n\t\t\t<\/li><li class=\"wc-block-grid__product\">\n\t\t\t\t<a href=\"https:\/\/hafhaf.eu\/?product=8in1-pochoutka-fillets-pro-digest-s-80g\" class=\"wc-block-grid__product-link\">\n\t\t\t\t\t<div class=\"wc-block-grid__product-image\"><img loading=\"lazy\" decoding=\"async\" width=\"245\" height=\"300\" src=\"https:\/\/hafhaf.eu\/wp-content\/uploads\/2022\/01\/T660985-245x300.jpg\" class=\"attachment-woocommerce_thumbnail size-woocommerce_thumbnail\" alt=\"8in1 Pochoutka Fillets pro digest S 80g\" \/><\/div>\n\t\t\t\t\t<div class=\"wc-block-grid__product-title\">8in1 Pochoutka Fillets pro digest S 80g<\/div>\n\t\t\t\t<\/a>\n\t\t\t\t\n\t\t\t\t<div class=\"wc-block-grid__product-price price\"><span class=\"woocommerce-Price-amount amount\">66.55&nbsp;<span class=\"woocommerce-Price-currencySymbol\">K\u010d<\/span><\/span><\/div>\n\t\t\t\t\n\t\t\t\t<div class=\"wp-block-button wc-block-grid__product-add-to-cart\"><a href=\"?add-to-cart=215\" aria-label=\"Add &ldquo;8in1 Pochoutka Fillets pro digest S 80g&rdquo; to your cart\" data-quantity=\"1\" data-product_id=\"215\" data-product_sku=\"\" rel=\"nofollow\" class=\"wp-block-button__link add_to_cart_button ajax_add_to_cart\">Add to cart<\/a><\/div>\n\t\t\t<\/li><li class=\"wc-block-grid__product\">\n\t\t\t\t<a href=\"https:\/\/hafhaf.eu\/?product=8in1-kost-zvykaci-delights-l-1ks\" class=\"wc-block-grid__product-link\">\n\t\t\t\t\t<div class=\"wc-block-grid__product-image\"><img loading=\"lazy\" decoding=\"async\" width=\"245\" height=\"300\" src=\"https:\/\/hafhaf.eu\/wp-content\/uploads\/2022\/01\/T661268-245x300.jpg\" class=\"attachment-woocommerce_thumbnail size-woocommerce_thumbnail\" alt=\"8in1 Kost \u017ev\u00fdkac\u00ed Delights L 1ks\" \/><\/div>\n\t\t\t\t\t<div class=\"wc-block-grid__product-title\">8in1 Kost \u017ev\u00fdkac\u00ed Delights L 1ks<\/div>\n\t\t\t\t<\/a>\n\t\t\t\t\n\t\t\t\t<div class=\"wc-block-grid__product-price price\"><span class=\"woocommerce-Price-amount amount\">100.43&nbsp;<span class=\"woocommerce-Price-currencySymbol\">K\u010d<\/span><\/span><\/div>\n\t\t\t\t\n\t\t\t\t<div class=\"wp-block-button wc-block-grid__product-add-to-cart\"><a href=\"?add-to-cart=213\" aria-label=\"Add &ldquo;8in1 Kost \u017ev\u00fdkac\u00ed Delights L 1ks&rdquo; to your cart\" data-quantity=\"1\" data-product_id=\"213\" data-product_sku=\"\" rel=\"nofollow\" class=\"wp-block-button__link add_to_cart_button ajax_add_to_cart\">Add to cart<\/a><\/div>\n\t\t\t<\/li><li class=\"wc-block-grid__product\">\n\t\t\t\t<a href=\"https:\/\/hafhaf.eu\/?product=8in1-kost-zvykaci-delights-beef-s-1ks\" class=\"wc-block-grid__product-link\">\n\t\t\t\t\t<div class=\"wc-block-grid__product-image\"><img loading=\"lazy\" decoding=\"async\" width=\"245\" height=\"300\" src=\"https:\/\/hafhaf.eu\/wp-content\/uploads\/2022\/01\/T660439-245x300.jpg\" class=\"attachment-woocommerce_thumbnail size-woocommerce_thumbnail\" alt=\"8in1 Kost \u017ev\u00fdkac\u00ed Delights Beef S 1ks\" \/><\/div>\n\t\t\t\t\t<div class=\"wc-block-grid__product-title\">8in1 Kost \u017ev\u00fdkac\u00ed Delights Beef S 1ks<\/div>\n\t\t\t\t<\/a>\n\t\t\t\t\n\t\t\t\t<div class=\"wc-block-grid__product-price price\"><span class=\"woocommerce-Price-amount amount\">66.55&nbsp;<span class=\"woocommerce-Price-currencySymbol\">K\u010d<\/span><\/span><\/div>\n\t\t\t\t\n\t\t\t\t<div class=\"wp-block-button wc-block-grid__product-add-to-cart\"><a href=\"?add-to-cart=211\" aria-label=\"Add &ldquo;8in1 Kost \u017ev\u00fdkac\u00ed Delights Beef S 1ks&rdquo; to your cart\" data-quantity=\"1\" data-product_id=\"211\" data-product_sku=\"\" rel=\"nofollow\" class=\"wp-block-button__link add_to_cart_button ajax_add_to_cart\">Add to cart<\/a><\/div>\n\t\t\t<\/li><li class=\"wc-block-grid__product\">\n\t\t\t\t<a href=\"https:\/\/hafhaf.eu\/?product=8in1-kost-zvykaci-delights-barbecue-xs-7ks\" class=\"wc-block-grid__product-link\">\n\t\t\t\t\t<div class=\"wc-block-grid__product-image\"><img loading=\"lazy\" decoding=\"async\" width=\"245\" height=\"300\" src=\"https:\/\/hafhaf.eu\/wp-content\/uploads\/2022\/01\/T661331-245x300.jpg\" class=\"attachment-woocommerce_thumbnail size-woocommerce_thumbnail\" alt=\"8in1 Kost \u017ev\u00fdkac\u00ed Delights Barbecue XS 7ks\" \/><\/div>\n\t\t\t\t\t<div class=\"wc-block-grid__product-title\">8in1 Kost \u017ev\u00fdkac\u00ed Delights Barbecue XS 7ks<\/div>\n\t\t\t\t<\/a>\n\t\t\t\t\n\t\t\t\t<div class=\"wc-block-grid__product-price price\"><span class=\"woocommerce-Price-amount amount\">100.43&nbsp;<span class=\"woocommerce-Price-currencySymbol\">K\u010d<\/span><\/span><\/div>\n\t\t\t\t\n\t\t\t\t<div class=\"wp-block-button wc-block-grid__product-add-to-cart\"><a href=\"?add-to-cart=209\" aria-label=\"Add &ldquo;8in1 Kost \u017ev\u00fdkac\u00ed Delights Barbecue XS 7ks&rdquo; to your cart\" data-quantity=\"1\" data-product_id=\"209\" data-product_sku=\"\" rel=\"nofollow\" class=\"wp-block-button__link add_to_cart_button ajax_add_to_cart\">Add to cart<\/a><\/div>\n\t\t\t<\/li><li class=\"wc-block-grid__product\">\n\t\t\t\t<a href=\"https:\/\/hafhaf.eu\/?product=aatu-dog-80-20-chicken-5kg\" class=\"wc-block-grid__product-link\">\n\t\t\t\t\t<div class=\"wc-block-grid__product-image\"><img loading=\"lazy\" decoding=\"async\" width=\"245\" height=\"300\" src=\"https:\/\/hafhaf.eu\/wp-content\/uploads\/2022\/01\/AC5-245x300.jpg\" class=\"attachment-woocommerce_thumbnail size-woocommerce_thumbnail\" alt=\"AATU Dog 80\/20 Chicken 5kg\" \/><\/div>\n\t\t\t\t\t<div class=\"wc-block-grid__product-title\">AATU Dog 80\/20 Chicken 5kg<\/div>\n\t\t\t\t<\/a>\n\t\t\t\t\n\t\t\t\t<div class=\"wc-block-grid__product-price price\"><span class=\"woocommerce-Price-amount amount\">1565.74&nbsp;<span class=\"woocommerce-Price-currencySymbol\">K\u010d<\/span><\/span><\/div>\n\t\t\t\t\n\t\t\t\t<div class=\"wp-block-button wc-block-grid__product-add-to-cart\"><a href=\"?add-to-cart=207\" aria-label=\"Add &ldquo;AATU Dog 80\/20 Chicken 5kg&rdquo; to your cart\" data-quantity=\"1\" data-product_id=\"207\" data-product_sku=\"\" rel=\"nofollow\" class=\"wp-block-button__link add_to_cart_button ajax_add_to_cart\">Add to cart<\/a><\/div>\n\t\t\t<\/li><li class=\"wc-block-grid__product\">\n\t\t\t\t<a href=\"https:\/\/hafhaf.eu\/?product=aatu-dog-80-20-chicken-10kg\" class=\"wc-block-grid__product-link\">\n\t\t\t\t\t<div class=\"wc-block-grid__product-image\"><img loading=\"lazy\" decoding=\"async\" width=\"245\" height=\"300\" src=\"https:\/\/hafhaf.eu\/wp-content\/uploads\/2022\/01\/AC10-245x300.jpg\" class=\"attachment-woocommerce_thumbnail size-woocommerce_thumbnail\" alt=\"AATU Dog 80\/20 Chicken 10kg\" \/><\/div>\n\t\t\t\t\t<div class=\"wc-block-grid__product-title\">AATU Dog 80\/20 Chicken 10kg<\/div>\n\t\t\t\t<\/a>\n\t\t\t\t\n\t\t\t\t<div class=\"wc-block-grid__product-price price\"><span class=\"woocommerce-Price-amount amount\">2678.94&nbsp;<span class=\"woocommerce-Price-currencySymbol\">K\u010d<\/span><\/span><\/div>\n\t\t\t\t\n\t\t\t\t<div class=\"wp-block-button wc-block-grid__product-add-to-cart\"><a href=\"?add-to-cart=205\" aria-label=\"Add &ldquo;AATU Dog 80\/20 Chicken 10kg&rdquo; to your cart\" data-quantity=\"1\" data-product_id=\"205\" data-product_sku=\"\" rel=\"nofollow\" class=\"wp-block-button__link add_to_cart_button ajax_add_to_cart\">Add to cart<\/a><\/div>\n\t\t\t<\/li><li class=\"wc-block-grid__product\">\n\t\t\t\t<a href=\"https:\/\/hafhaf.eu\/?product=aatu-dog-80-20-chicken-15kg\" class=\"wc-block-grid__product-link\">\n\t\t\t\t\t<div class=\"wc-block-grid__product-image\"><img loading=\"lazy\" decoding=\"async\" width=\"245\" height=\"300\" src=\"https:\/\/hafhaf.eu\/wp-content\/uploads\/2022\/01\/AC1-245x300.jpg\" class=\"attachment-woocommerce_thumbnail size-woocommerce_thumbnail\" alt=\"AATU Dog 80\/20 Chicken 1,5kg\" \/><\/div>\n\t\t\t\t\t<div class=\"wc-block-grid__product-title\">AATU Dog 80\/20 Chicken 1,5kg<\/div>\n\t\t\t\t<\/a>\n\t\t\t\t\n\t\t\t\t<div class=\"wc-block-grid__product-price price\"><span class=\"woocommerce-Price-amount amount\">689.70&nbsp;<span class=\"woocommerce-Price-currencySymbol\">K\u010d<\/span><\/span><\/div>\n\t\t\t\t\n\t\t\t\t<div class=\"wp-block-button wc-block-grid__product-add-to-cart\"><a href=\"?add-to-cart=197\" aria-label=\"Add &ldquo;AATU Dog 80\/20 Chicken 1,5kg&rdquo; to your cart\" data-quantity=\"1\" data-product_id=\"197\" data-product_sku=\"\" rel=\"nofollow\" class=\"wp-block-button__link add_to_cart_button ajax_add_to_cart\">Add to cart<\/a><\/div>\n\t\t\t<\/li><\/ul><\/div>","protected":false},"excerpt":{"rendered":"","protected":false},"author":1,"featured_media":0,"parent":0,"menu_order":0,"comment_status":"closed","ping_status":"closed","template":"","meta":{"site-sidebar-layout":"default","site-content-layout":"default","ast-main-header-display":"","ast-hfb-above-header-display":"","ast-hfb-below-header-display":"","ast-hfb-mobile-header-display":"","site-post-title":"","ast-breadcrumbs-content":"","ast-featured-img":"","footer-sml-layout":"","theme-transparent-header-meta":"","adv-header-id-meta":"","stick-header-meta":"","header-above-stick-meta":"","header-main-stick-meta":"","header-below-stick-meta":"","footnotes":""},"class_list":["post-131","page","type-page","status-publish","hentry"],"_links":{"self":[{"href":"https:\/\/hafhaf.eu\/index.php?rest_route=\/wp\/v2\/pages\/131","targetHints":{"allow":["GET"]}}],"collection":[{"href":"https:\/\/hafhaf.eu\/index.php?rest_route=\/wp\/v2\/pages"}],"about":[{"href":"https:\/\/hafhaf.eu\/index.php?rest_route=\/wp\/v2\/types\/page"}],"author":[{"embeddable":true,"href":"https:\/\/hafhaf.eu\/index.php?rest_route=\/wp\/v2\/users\/1"}],"replies":[{"embeddable":true,"href":"https:\/\/hafhaf.eu\/index.php?rest_route=%2Fwp%2Fv2%2Fcomments&post=131"}],"version-history":[{"count":3,"href":"https:\/\/hafhaf.eu\/index.php?rest_route=\/wp\/v2\/pages\/131\/revisions"}],"predecessor-version":[{"id":200,"href":"https:\/\/hafhaf.eu\/index.php?rest_route=\/wp\/v2\/pages\/131\/revisions\/200"}],"wp:attachment":[{"href":"https:\/\/hafhaf.eu\/index.php?rest_route=%2Fwp%2Fv2%2Fmedia&parent=131"}],"curies":[{"name":"wp","href":"https:\/\/api.w.org\/{rel}","templated":true}]}}