{"id":60,"date":"2021-12-25T22:47:07","date_gmt":"2021-12-25T21:47:07","guid":{"rendered":"https:\/\/hafhaf.cz\/?page_id=60"},"modified":"2021-12-31T11:25:04","modified_gmt":"2021-12-31T10:25:04","slug":"doporucujeme","status":"publish","type":"page","link":"https:\/\/hafhaf.eu\/","title":{"rendered":""},"content":{"rendered":"\n<p><\/p>\n\n\n\n<figure class=\"wp-block-image size-full\"><img loading=\"lazy\" decoding=\"async\" width=\"860\" height=\"286\" src=\"https:\/\/hafhaf.eu\/wp-content\/uploads\/2021\/12\/forpaws-heading-860x286-1.jpg\" alt=\"\" class=\"wp-image-121\" srcset=\"https:\/\/hafhaf.eu\/wp-content\/uploads\/2021\/12\/forpaws-heading-860x286-1.jpg 860w, https:\/\/hafhaf.eu\/wp-content\/uploads\/2021\/12\/forpaws-heading-860x286-1-300x100.jpg 300w, https:\/\/hafhaf.eu\/wp-content\/uploads\/2021\/12\/forpaws-heading-860x286-1-768x255.jpg 768w, https:\/\/hafhaf.eu\/wp-content\/uploads\/2021\/12\/forpaws-heading-860x286-1-600x200.jpg 600w\" sizes=\"auto, (max-width: 860px) 100vw, 860px\" \/><\/figure>\n\n\n\n<h1 class=\"wp-block-heading\" id=\"custom-title-h1-1\">HafHaf &#8211; v\u0161e pro Va\u0161e mazl\u00ed\u010dky<\/h1>\n\n\n\n<blockquote class=\"wp-block-quote is-layout-flow wp-block-quote-is-layout-flow\"><p>V\u00edtejte v internetov\u00e9m obchod\u011b, kter\u00fd je ur\u010den\u00fd p\u0159edev\u0161\u00edm pejsk\u016fm, ale na sv\u00e9 si p\u0159ijdou i ko\u010di\u010dky. Najdete zde r\u016fzn\u00e9 zna\u010dky kvalitn\u00edch krmiv a dopl\u0148k\u016f. Prost\u011b takov\u00e9 produkty, kter\u00e9 bychom sami dali i na\u0161im \u010dty\u0159noh\u00fdm kamar\u00e1d\u016fm.<\/p><p>Nena\u0161li jste co jste hledali? Kontaktujte n\u00e1s a my se V\u00e1m pokus\u00edme pomoci.<br>T\u011b\u0161\u00edme se na Va\u0161\u00ed objedn\u00e1vku.<br>T\u00fdm For HafHaf<\/p><\/blockquote>\n\n\n\n<h2 class=\"has-text-align-center wp-block-heading\">DOPORU\u010cUJEME<\/h2>\n\n\n<div data-block-name=\"woocommerce\/product-category\" data-categories=\"[21]\" class=\"wc-block-grid wp-block-product-category wc-block-product-category has-3-columns has-multiple-rows\"><ul class=\"wc-block-grid__products\"><li class=\"wc-block-grid__product\">\n\t\t\t\t<a href=\"https:\/\/hafhaf.eu\/?product=canina-lotio-k-cisteni-oci-100ml\" class=\"wc-block-grid__product-link\">\n\t\t\t\t\t<div class=\"wc-block-grid__product-image\"><img loading=\"lazy\" decoding=\"async\" width=\"245\" height=\"300\" src=\"https:\/\/hafhaf.eu\/wp-content\/uploads\/2021\/12\/50799-245x300.jpg\" class=\"attachment-woocommerce_thumbnail size-woocommerce_thumbnail\" alt=\"Canina lotio k \u010di\u0161t\u011bn\u00ed o\u010d\u00ed 100ml\" \/><\/div>\n\t\t\t\t\t<div class=\"wc-block-grid__product-title\">Canina lotio k \u010di\u0161t\u011bn\u00ed o\u010d\u00ed 100ml<\/div>\n\t\t\t\t<\/a>\n\t\t\t\t\n\t\t\t\t<div class=\"wc-block-grid__product-price price\"><span class=\"woocommerce-Price-amount amount\">266.20&nbsp;<span class=\"woocommerce-Price-currencySymbol\">K\u010d<\/span><\/span><\/div>\n\t\t\t\t\n\t\t\t\t<div class=\"wp-block-button wc-block-grid__product-add-to-cart\"><a href=\"?add-to-cart=118\" aria-label=\"Add &ldquo;Canina lotio k \u010di\u0161t\u011bn\u00ed o\u010d\u00ed 100ml&rdquo; to your cart\" data-quantity=\"1\" data-product_id=\"118\" data-product_sku=\"\" rel=\"nofollow\" class=\"wp-block-button__link add_to_cart_button ajax_add_to_cart\">Add to cart<\/a><\/div>\n\t\t\t<\/li><li class=\"wc-block-grid__product\">\n\t\t\t\t<a href=\"https:\/\/hafhaf.eu\/?product=canvit-chondro-super-pro-psy-ochucene-tbl-166-500g\" class=\"wc-block-grid__product-link\">\n\t\t\t\t\t<div class=\"wc-block-grid__product-image\"><img loading=\"lazy\" decoding=\"async\" width=\"245\" height=\"300\" src=\"https:\/\/hafhaf.eu\/wp-content\/uploads\/2021\/12\/69135-245x300.jpg\" class=\"attachment-woocommerce_thumbnail size-woocommerce_thumbnail\" alt=\"Canvit Chondro Super pro psy ochucen\u00e9 tbl.166\/500g\" \/><\/div>\n\t\t\t\t\t<div class=\"wc-block-grid__product-title\">Canvit Chondro Super pro psy ochucen\u00e9 tbl.166\/500g<\/div>\n\t\t\t\t<\/a>\n\t\t\t\t\n\t\t\t\t<div class=\"wc-block-grid__product-price price\"><span class=\"woocommerce-Price-amount amount\">508.20&nbsp;<span class=\"woocommerce-Price-currencySymbol\">K\u010d<\/span><\/span><\/div>\n\t\t\t\t\n\t\t\t\t<div class=\"wp-block-button wc-block-grid__product-add-to-cart\"><a href=\"?add-to-cart=116\" aria-label=\"Add &ldquo;Canvit Chondro Super pro psy ochucen\u00e9 tbl.166\/500g&rdquo; to your cart\" data-quantity=\"1\" data-product_id=\"116\" data-product_sku=\"\" rel=\"nofollow\" class=\"wp-block-button__link add_to_cart_button ajax_add_to_cart\">Add to cart<\/a><\/div>\n\t\t\t<\/li><li class=\"wc-block-grid__product\">\n\t\t\t\t<a href=\"https:\/\/hafhaf.eu\/?product=zolux-skrabadlo-kea-s-seda\" class=\"wc-block-grid__product-link\">\n\t\t\t\t\t<div class=\"wc-block-grid__product-image\"><img loading=\"lazy\" decoding=\"async\" width=\"265\" height=\"300\" src=\"https:\/\/hafhaf.eu\/wp-content\/uploads\/2021\/12\/118398-265x300.jpg\" class=\"attachment-woocommerce_thumbnail size-woocommerce_thumbnail\" alt=\"Zolux \u0160krabadlo KEA S \u0161ed\u00e1\" \/><\/div>\n\t\t\t\t\t<div class=\"wc-block-grid__product-title\">Zolux \u0160krabadlo KEA S \u0161ed\u00e1<\/div>\n\t\t\t\t<\/a>\n\t\t\t\t<div class=\"wc-block-grid__product-onsale\">\n\t\t\t<span aria-hidden=\"true\">Sale<\/span>\n\t\t\t<span class=\"screen-reader-text\">Product on sale<\/span>\n\t\t<\/div>\n\t\t\t\t<div class=\"wc-block-grid__product-price price\"><del aria-hidden=\"true\"><span class=\"woocommerce-Price-amount amount\">1700.05&nbsp;<span class=\"woocommerce-Price-currencySymbol\">K\u010d<\/span><\/span><\/del> <ins><span class=\"woocommerce-Price-amount amount\">1458.05&nbsp;<span class=\"woocommerce-Price-currencySymbol\">K\u010d<\/span><\/span><\/ins><\/div>\n\t\t\t\t\n\t\t\t\t<div class=\"wp-block-button wc-block-grid__product-add-to-cart\"><a href=\"?add-to-cart=113\" aria-label=\"Add &ldquo;Zolux \u0160krabadlo KEA S \u0161ed\u00e1&rdquo; to your cart\" data-quantity=\"1\" data-product_id=\"113\" data-product_sku=\"\" rel=\"nofollow\" class=\"wp-block-button__link add_to_cart_button ajax_add_to_cart\">Add to cart<\/a><\/div>\n\t\t\t<\/li><li class=\"wc-block-grid__product\">\n\t\t\t\t<a href=\"https:\/\/hafhaf.eu\/?product=zolux-pelech-lenoska-valencia-80cm\" class=\"wc-block-grid__product-link\">\n\t\t\t\t\t<div class=\"wc-block-grid__product-image\"><img loading=\"lazy\" decoding=\"async\" width=\"265\" height=\"300\" src=\"https:\/\/hafhaf.eu\/wp-content\/uploads\/2021\/12\/118587-265x300.jpg\" class=\"attachment-woocommerce_thumbnail size-woocommerce_thumbnail\" alt=\"Zolux Pelech leno\u0161ka VALENCIA 80cm\" \/><\/div>\n\t\t\t\t\t<div class=\"wc-block-grid__product-title\">Zolux Pelech leno\u0161ka VALENCIA 80cm<\/div>\n\t\t\t\t<\/a>\n\t\t\t\t\n\t\t\t\t<div class=\"wc-block-grid__product-price price\"><span class=\"woocommerce-Price-amount amount\">2214.30&nbsp;<span class=\"woocommerce-Price-currencySymbol\">K\u010d<\/span><\/span><\/div>\n\t\t\t\t\n\t\t\t\t<div class=\"wp-block-button wc-block-grid__product-add-to-cart\"><a href=\"?add-to-cart=110\" aria-label=\"Add &ldquo;Zolux Pelech leno\u0161ka VALENCIA 80cm&rdquo; to your cart\" data-quantity=\"1\" data-product_id=\"110\" data-product_sku=\"\" rel=\"nofollow\" class=\"wp-block-button__link add_to_cart_button ajax_add_to_cart\">Add to cart<\/a><\/div>\n\t\t\t<\/li><li class=\"wc-block-grid__product\">\n\t\t\t\t<a href=\"https:\/\/hafhaf.eu\/?product=yuup-odmastovaci-sampon-pro-kocky-250-ml\" class=\"wc-block-grid__product-link\">\n\t\t\t\t\t<div class=\"wc-block-grid__product-image\"><img loading=\"lazy\" decoding=\"async\" width=\"300\" height=\"300\" src=\"https:\/\/hafhaf.eu\/wp-content\/uploads\/2021\/12\/odmastovaci-sampon-pro-kocky-yuup-250-ml-300x300.png\" class=\"attachment-woocommerce_thumbnail size-woocommerce_thumbnail\" alt=\"Yuup! Odma\u0161\u0165ovac\u00ed \u0161ampon pro ko\u010dky 250 ml\" srcset=\"https:\/\/hafhaf.eu\/wp-content\/uploads\/2021\/12\/odmastovaci-sampon-pro-kocky-yuup-250-ml-300x300.png 300w, https:\/\/hafhaf.eu\/wp-content\/uploads\/2021\/12\/odmastovaci-sampon-pro-kocky-yuup-250-ml-150x150.png 150w, https:\/\/hafhaf.eu\/wp-content\/uploads\/2021\/12\/odmastovaci-sampon-pro-kocky-yuup-250-ml-100x100.png 100w, https:\/\/hafhaf.eu\/wp-content\/uploads\/2021\/12\/odmastovaci-sampon-pro-kocky-yuup-250-ml.png 470w\" sizes=\"auto, (max-width: 300px) 100vw, 300px\" \/><\/div>\n\t\t\t\t\t<div class=\"wc-block-grid__product-title\">Yuup! Odma\u0161\u0165ovac\u00ed \u0161ampon pro ko\u010dky 250 ml<\/div>\n\t\t\t\t<\/a>\n\t\t\t\t\n\t\t\t\t<div class=\"wc-block-grid__product-price price\"><span class=\"woocommerce-Price-amount amount\">381.15&nbsp;<span class=\"woocommerce-Price-currencySymbol\">K\u010d<\/span><\/span><\/div>\n\t\t\t\t\n\t\t\t\t<div class=\"wp-block-button wc-block-grid__product-add-to-cart\"><a href=\"?add-to-cart=108\" aria-label=\"Add &ldquo;Yuup! Odma\u0161\u0165ovac\u00ed \u0161ampon pro ko\u010dky 250 ml&rdquo; to your cart\" data-quantity=\"1\" data-product_id=\"108\" data-product_sku=\"\" rel=\"nofollow\" class=\"wp-block-button__link add_to_cart_button ajax_add_to_cart\">Add to cart<\/a><\/div>\n\t\t\t<\/li><li class=\"wc-block-grid__product\">\n\t\t\t\t<a href=\"https:\/\/hafhaf.eu\/?product=red-dingo-obojek-25-mm-x-41-63-cm-jednobar-fialova\" class=\"wc-block-grid__product-link\">\n\t\t\t\t\t<div class=\"wc-block-grid__product-image\"><img loading=\"lazy\" decoding=\"async\" width=\"300\" height=\"300\" src=\"https:\/\/hafhaf.eu\/wp-content\/uploads\/2021\/12\/17592_3-5-300x300.jpg\" class=\"attachment-woocommerce_thumbnail size-woocommerce_thumbnail\" alt=\"Red Dingo Obojek 25 mm x 41-63 cm \u2013 Jednobar.- Fialov\u00e1\" srcset=\"https:\/\/hafhaf.eu\/wp-content\/uploads\/2021\/12\/17592_3-5-300x300.jpg 300w, https:\/\/hafhaf.eu\/wp-content\/uploads\/2021\/12\/17592_3-5-150x150.jpg 150w, https:\/\/hafhaf.eu\/wp-content\/uploads\/2021\/12\/17592_3-5-100x100.jpg 100w, https:\/\/hafhaf.eu\/wp-content\/uploads\/2021\/12\/17592_3-5.jpg 350w\" sizes=\"auto, (max-width: 300px) 100vw, 300px\" \/><\/div>\n\t\t\t\t\t<div class=\"wc-block-grid__product-title\">Red Dingo Obojek 25 mm x 41-63 cm \u2013 Jednobar.- Fialov\u00e1<\/div>\n\t\t\t\t<\/a>\n\t\t\t\t<div class=\"wc-block-grid__product-onsale\">\n\t\t\t<span aria-hidden=\"true\">Sale<\/span>\n\t\t\t<span class=\"screen-reader-text\">Product on sale<\/span>\n\t\t<\/div>\n\t\t\t\t<div class=\"wc-block-grid__product-price price\"><del aria-hidden=\"true\"><span class=\"woocommerce-Price-amount amount\">264.99&nbsp;<span class=\"woocommerce-Price-currencySymbol\">K\u010d<\/span><\/span><\/del> <ins><span class=\"woocommerce-Price-amount amount\">217.80&nbsp;<span class=\"woocommerce-Price-currencySymbol\">K\u010d<\/span><\/span><\/ins><\/div>\n\t\t\t\t\n\t\t\t\t<div class=\"wp-block-button wc-block-grid__product-add-to-cart\"><a href=\"?add-to-cart=105\" aria-label=\"Add &ldquo;Red Dingo Obojek 25 mm x 41-63 cm \u2013 Jednobar.- Fialov\u00e1&rdquo; to your cart\" data-quantity=\"1\" data-product_id=\"105\" data-product_sku=\"\" rel=\"nofollow\" class=\"wp-block-button__link add_to_cart_button ajax_add_to_cart\">Add to cart<\/a><\/div>\n\t\t\t<\/li><li class=\"wc-block-grid__product\">\n\t\t\t\t<a href=\"https:\/\/hafhaf.eu\/?product=doporucujeme-barking-heads-treats-tuck-shop-whine-gums-150g\" class=\"wc-block-grid__product-link\">\n\t\t\t\t\t<div class=\"wc-block-grid__product-image\"><img loading=\"lazy\" decoding=\"async\" width=\"265\" height=\"300\" src=\"https:\/\/hafhaf.eu\/wp-content\/uploads\/2021\/12\/124307-265x300.jpg\" class=\"attachment-woocommerce_thumbnail size-woocommerce_thumbnail\" alt=\"DOPORU\u010cUJEME BARKING HEADS Treats tuck shop Whine Gums 150g\" \/><\/div>\n\t\t\t\t\t<div class=\"wc-block-grid__product-title\">DOPORU\u010cUJEME BARKING HEADS Treats tuck shop Whine Gums 150g<\/div>\n\t\t\t\t<\/a>\n\t\t\t\t\n\t\t\t\t<div class=\"wc-block-grid__product-price price\"><span class=\"woocommerce-Price-amount amount\">113.74&nbsp;<span class=\"woocommerce-Price-currencySymbol\">K\u010d<\/span><\/span><\/div>\n\t\t\t\t\n\t\t\t\t<div class=\"wp-block-button wc-block-grid__product-add-to-cart\"><a href=\"?add-to-cart=103\" aria-label=\"Add &ldquo;DOPORU\u010cUJEME BARKING HEADS Treats tuck shop Whine Gums 150g&rdquo; to your cart\" data-quantity=\"1\" data-product_id=\"103\" data-product_sku=\"\" rel=\"nofollow\" class=\"wp-block-button__link add_to_cart_button ajax_add_to_cart\">Add to cart<\/a><\/div>\n\t\t\t<\/li><li class=\"wc-block-grid__product\">\n\t\t\t\t<a href=\"https:\/\/hafhaf.eu\/?product=karlie-hracka-pes-jednorozec-ruzovy-75cm-latex\" class=\"wc-block-grid__product-link\">\n\t\t\t\t\t<div class=\"wc-block-grid__product-image\"><img loading=\"lazy\" decoding=\"async\" width=\"265\" height=\"300\" src=\"https:\/\/hafhaf.eu\/wp-content\/uploads\/2021\/12\/124943-265x300.jpg\" class=\"attachment-woocommerce_thumbnail size-woocommerce_thumbnail\" alt=\"Karlie Hra\u010dka pes Jednoro\u017eec r\u016f\u017eov\u00fd 7,5cm latex\" \/><\/div>\n\t\t\t\t\t<div class=\"wc-block-grid__product-title\">Karlie Hra\u010dka pes Jednoro\u017eec r\u016f\u017eov\u00fd 7,5cm latex<\/div>\n\t\t\t\t<\/a>\n\t\t\t\t\n\t\t\t\t<div class=\"wc-block-grid__product-price price\"><span class=\"woocommerce-Price-amount amount\">150.04&nbsp;<span class=\"woocommerce-Price-currencySymbol\">K\u010d<\/span><\/span><\/div>\n\t\t\t\t\n\t\t\t\t<div class=\"wp-block-button wc-block-grid__product-add-to-cart\"><a href=\"?add-to-cart=101\" aria-label=\"Add &ldquo;Karlie Hra\u010dka pes Jednoro\u017eec r\u016f\u017eov\u00fd 7,5cm latex&rdquo; to your cart\" data-quantity=\"1\" data-product_id=\"101\" data-product_sku=\"\" rel=\"nofollow\" class=\"wp-block-button__link add_to_cart_button ajax_add_to_cart\">Add to cart<\/a><\/div>\n\t\t\t<\/li><li class=\"wc-block-grid__product\">\n\t\t\t\t<a href=\"https:\/\/hafhaf.eu\/?product=hoodie-with-logo\" class=\"wc-block-grid__product-link\">\n\t\t\t\t\t<div class=\"wc-block-grid__product-image\"><img loading=\"lazy\" decoding=\"async\" width=\"300\" height=\"300\" src=\"https:\/\/hafhaf.eu\/wp-content\/uploads\/2021\/12\/123175-300x300.jpg\" class=\"attachment-woocommerce_thumbnail size-woocommerce_thumbnail\" alt=\"Hurtta Oble\u010dek Extreme Warmer koral camo 45 NEW\" srcset=\"https:\/\/hafhaf.eu\/wp-content\/uploads\/2021\/12\/123175-300x300.jpg 300w, https:\/\/hafhaf.eu\/wp-content\/uploads\/2021\/12\/123175-150x150.jpg 150w, https:\/\/hafhaf.eu\/wp-content\/uploads\/2021\/12\/123175-100x100.jpg 100w\" sizes=\"auto, (max-width: 300px) 100vw, 300px\" \/><\/div>\n\t\t\t\t\t<div class=\"wc-block-grid__product-title\">Hurtta Oble\u010dek Extreme Warmer koral camo 45 NEW<\/div>\n\t\t\t\t<\/a>\n\t\t\t\t\n\t\t\t\t<div class=\"wc-block-grid__product-price price\"><span class=\"woocommerce-Price-amount amount\">2480.50&nbsp;<span class=\"woocommerce-Price-currencySymbol\">K\u010d<\/span><\/span><\/div>\n\t\t\t\t\n\t\t\t\t<div class=\"wp-block-button wc-block-grid__product-add-to-cart\"><a href=\"?add-to-cart=54\" aria-label=\"Add &ldquo;Hurtta Oble\u010dek Extreme Warmer koral camo 45 NEW&rdquo; to your cart\" data-quantity=\"1\" data-product_id=\"54\" data-product_sku=\"\" rel=\"nofollow\" class=\"wp-block-button__link add_to_cart_button ajax_add_to_cart\">Add to cart<\/a><\/div>\n\t\t\t<\/li><\/ul><\/div>\n\n\n<figure class=\"wp-block-image size-large\"><img loading=\"lazy\" decoding=\"async\" width=\"1024\" height=\"591\" src=\"https:\/\/hafhaf.eu\/wp-content\/uploads\/2021\/12\/verve-779x450-1-1-1024x591.jpg\" alt=\"\" class=\"wp-image-123\" srcset=\"https:\/\/hafhaf.eu\/wp-content\/uploads\/2021\/12\/verve-779x450-1-1-1024x591.jpg 1024w, https:\/\/hafhaf.eu\/wp-content\/uploads\/2021\/12\/verve-779x450-1-1-300x173.jpg 300w, https:\/\/hafhaf.eu\/wp-content\/uploads\/2021\/12\/verve-779x450-1-1-768x444.jpg 768w, https:\/\/hafhaf.eu\/wp-content\/uploads\/2021\/12\/verve-779x450-1-1-600x346.jpg 600w, https:\/\/hafhaf.eu\/wp-content\/uploads\/2021\/12\/verve-779x450-1-1.jpg 1039w\" sizes=\"auto, (max-width: 1024px) 100vw, 1024px\" \/><\/figure>\n\n\n\n<figure class=\"wp-block-image size-full\"><img loading=\"lazy\" decoding=\"async\" width=\"860\" height=\"359\" src=\"https:\/\/hafhaf.eu\/wp-content\/uploads\/2021\/12\/Kup-mi-prosim-pamlsek-1.jpg\" alt=\"\" class=\"wp-image-124\" srcset=\"https:\/\/hafhaf.eu\/wp-content\/uploads\/2021\/12\/Kup-mi-prosim-pamlsek-1.jpg 860w, https:\/\/hafhaf.eu\/wp-content\/uploads\/2021\/12\/Kup-mi-prosim-pamlsek-1-300x125.jpg 300w, https:\/\/hafhaf.eu\/wp-content\/uploads\/2021\/12\/Kup-mi-prosim-pamlsek-1-768x321.jpg 768w, https:\/\/hafhaf.eu\/wp-content\/uploads\/2021\/12\/Kup-mi-prosim-pamlsek-1-600x250.jpg 600w\" sizes=\"auto, (max-width: 860px) 100vw, 860px\" \/><\/figure>\n","protected":false},"excerpt":{"rendered":"<p>HafHaf &#8211; v\u0161e pro Va\u0161e mazl\u00ed\u010dky V\u00edtejte v internetov\u00e9m obchod\u011b, kter\u00fd je ur\u010den\u00fd p\u0159edev\u0161\u00edm pejsk\u016fm, ale na sv\u00e9 si p\u0159ijdou i ko\u010di\u010dky. Najdete zde r\u016fzn\u00e9 zna\u010dky kvalitn\u00edch krmiv a dopl\u0148k\u016f. Prost\u011b takov\u00e9 produkty, kter\u00e9 bychom sami dali i na\u0161im \u010dty\u0159noh\u00fdm kamar\u00e1d\u016fm. Nena\u0161li jste co jste hledali? Kontaktujte n\u00e1s a my se V\u00e1m pokus\u00edme pomoci.T\u011b\u0161\u00edme se &hellip;<\/p>\n<p class=\"read-more\"> <a class=\"\" href=\"https:\/\/hafhaf.eu\/\">  Pokra\u010dovat ve \u010dten\u00ed &raquo;<\/a><\/p>\n","protected":false},"author":1,"featured_media":0,"parent":0,"menu_order":0,"comment_status":"closed","ping_status":"closed","template":"","meta":{"site-sidebar-layout":"left-sidebar","site-content-layout":"default","ast-main-header-display":"","ast-hfb-above-header-display":"","ast-hfb-below-header-display":"","ast-hfb-mobile-header-display":"","site-post-title":"","ast-breadcrumbs-content":"","ast-featured-img":"","footer-sml-layout":"","theme-transparent-header-meta":"","adv-header-id-meta":"","stick-header-meta":"","header-above-stick-meta":"","header-main-stick-meta":"","header-below-stick-meta":"","footnotes":""},"class_list":["post-60","page","type-page","status-publish","hentry"],"_links":{"self":[{"href":"https:\/\/hafhaf.eu\/index.php?rest_route=\/wp\/v2\/pages\/60","targetHints":{"allow":["GET"]}}],"collection":[{"href":"https:\/\/hafhaf.eu\/index.php?rest_route=\/wp\/v2\/pages"}],"about":[{"href":"https:\/\/hafhaf.eu\/index.php?rest_route=\/wp\/v2\/types\/page"}],"author":[{"embeddable":true,"href":"https:\/\/hafhaf.eu\/index.php?rest_route=\/wp\/v2\/users\/1"}],"replies":[{"embeddable":true,"href":"https:\/\/hafhaf.eu\/index.php?rest_route=%2Fwp%2Fv2%2Fcomments&post=60"}],"version-history":[{"count":10,"href":"https:\/\/hafhaf.eu\/index.php?rest_route=\/wp\/v2\/pages\/60\/revisions"}],"predecessor-version":[{"id":126,"href":"https:\/\/hafhaf.eu\/index.php?rest_route=\/wp\/v2\/pages\/60\/revisions\/126"}],"wp:attachment":[{"href":"https:\/\/hafhaf.eu\/index.php?rest_route=%2Fwp%2Fv2%2Fmedia&parent=60"}],"curies":[{"name":"wp","href":"https:\/\/api.w.org\/{rel}","templated":true}]}}