{"id":101,"date":"2021-12-31T10:28:58","date_gmt":"2021-12-31T09:28:58","guid":{"rendered":"https:\/\/hafhaf.eu\/?post_type=product&#038;p=101"},"modified":"2022-01-02T14:32:31","modified_gmt":"2022-01-02T13:32:31","slug":"karlie-hracka-pes-jednorozec-ruzovy-75cm-latex","status":"publish","type":"product","link":"https:\/\/hafhaf.eu\/?product=karlie-hracka-pes-jednorozec-ruzovy-75cm-latex","title":{"rendered":"Karlie Hra\u010dka pes Jednoro\u017eec r\u016f\u017eov\u00fd 7,5cm latex"},"content":{"rendered":"<ul class=\"ui--tabs-contents text-left clearfix\">\n<li id=\"description\" class=\"first-item last-item active\">\n<h3>Recenze<\/h3>\n<div class=\"recenze-zakazniku\">\n<ul>\n<li><strong>Velk\u00fd p\u0159ehled, rychlost a komunikace<\/strong><br \/>\nHodnocen\u00ed: 5\/5 | Datum: p\u0159ed 2 m\u011bs\u00edci<\/li>\n<\/ul>\n<ul>\n<li><strong>Rychle dod\u00e1no<\/strong><br \/>\nHodnocen\u00ed: 5\/5 | Datum: p\u0159ed 3 m\u011bs\u00edci<\/li>\n<\/ul>\n<ul>\n<li><strong>Podestylka super obchod rychl\u00fd i doru\u010den\u00ed zbo\u017e\u00ed a\u017e dom\u016f<\/strong><br \/>\nHodnocen\u00ed: 5\/5 | Datum: p\u0159ed 3 m\u011bs\u00edci<\/li>\n<\/ul>\n<ul>\n<li><strong>Rychl\u00e9 dod\u00e1n\u00ed Skv\u011bl\u00e1 komunikace<\/strong><br \/>\nHodnocen\u00ed: 5\/5 | Datum: p\u0159ed 3 m\u011bs\u00edci<\/li>\n<\/ul>\n<ul>\n<li><strong>Rychl\u00e9 dod\u00e1n\u00ed a bez probl\u00e9m\u016f.<\/strong><br \/>\nHodnocen\u00ed: 5\/5 | Datum: p\u0159ed 6 m\u011bs\u00edci<\/li>\n<\/ul>\n<ul>\n<li><strong>Spolehliv\u00fd obchod. Velk\u00fd v\u00fdb\u011br speci\u00e1ln\u00edch veterin\u00e1rn\u00edch l\u00e9\u010div\u00fdch p\u0159\u00edpravk\u016f za dobrou cenu.<\/strong><br \/>\nHodnocen\u00ed: 5\/5 | Datum: p\u0159ed 7 m\u011bs\u00edci<\/li>\n<\/ul>\n<ul>\n<li><strong>Perfektni obchod<\/strong><br \/>\nHodnocen\u00ed: 5\/5 | Datum: p\u0159ed 9 m\u011bs\u00edci<\/li>\n<\/ul>\n<ul>\n<li><strong>V\u00fdborn\u00e1 komunikace<\/strong><br \/>\nHodnocen\u00ed: 4.5\/5 | Datum: p\u0159ed 1 rokem<\/li>\n<\/ul>\n<ul>\n<li><strong>Rychl\u00e9 jedn\u00e1n\u00ed.<\/strong><br \/>\nHodnocen\u00ed: 5\/5 | Datum: p\u0159ed 1 rokem<\/li>\n<\/ul>\n<\/div>\n<div class=\"pwb-single-product-brands pwb-clearfix\"><span class=\"pwb-text-before-brands-links\">Zna\u010dka:<\/span><a title=\"Zobrazit zna\u010dku\" href=\"https:\/\/www.forpaws.cz\/vyrobce\/karlie-gmbh\/\">Karlie GmbH<\/a><\/div>\n<\/li>\n<\/ul>\n","protected":false},"excerpt":{"rendered":"<ul class=\"ui--tabs-contents text-left clearfix\">\n<li id=\"description\" class=\"first-item last-item active\">Latexov\u00e1 hra\u010dka pro psy kter\u00e1 zajist\u00ed spoustu z\u00e1bavy pro psa i majitele.Rozm\u011bry: 7,5 x 7 x 11cm<\/li>\n<\/ul>\n","protected":false},"featured_media":102,"comment_status":"open","ping_status":"closed","template":"","meta":{"site-sidebar-layout":"no-sidebar","site-content-layout":"default","ast-main-header-display":"","ast-hfb-above-header-display":"","ast-hfb-below-header-display":"","ast-hfb-mobile-header-display":"","site-post-title":"","ast-breadcrumbs-content":"","ast-featured-img":"","footer-sml-layout":"","theme-transparent-header-meta":"","adv-header-id-meta":"","stick-header-meta":"","header-above-stick-meta":"","header-main-stick-meta":"","header-below-stick-meta":""},"product_cat":[21],"product_tag":[],"class_list":{"0":"post-101","1":"product","2":"type-product","3":"status-publish","4":"has-post-thumbnail","6":"product_cat-doporucujeme","7":"product_shipping_class-ppl","9":"first","10":"instock","11":"taxable","12":"shipping-taxable","13":"purchasable","14":"product-type-simple"},"_links":{"self":[{"href":"https:\/\/hafhaf.eu\/index.php?rest_route=\/wp\/v2\/product\/101","targetHints":{"allow":["GET"]}}],"collection":[{"href":"https:\/\/hafhaf.eu\/index.php?rest_route=\/wp\/v2\/product"}],"about":[{"href":"https:\/\/hafhaf.eu\/index.php?rest_route=\/wp\/v2\/types\/product"}],"replies":[{"embeddable":true,"href":"https:\/\/hafhaf.eu\/index.php?rest_route=%2Fwp%2Fv2%2Fcomments&post=101"}],"wp:featuredmedia":[{"embeddable":true,"href":"https:\/\/hafhaf.eu\/index.php?rest_route=\/wp\/v2\/media\/102"}],"wp:attachment":[{"href":"https:\/\/hafhaf.eu\/index.php?rest_route=%2Fwp%2Fv2%2Fmedia&parent=101"}],"wp:term":[{"taxonomy":"product_cat","embeddable":true,"href":"https:\/\/hafhaf.eu\/index.php?rest_route=%2Fwp%2Fv2%2Fproduct_cat&post=101"},{"taxonomy":"product_tag","embeddable":true,"href":"https:\/\/hafhaf.eu\/index.php?rest_route=%2Fwp%2Fv2%2Fproduct_tag&post=101"}],"curies":[{"name":"wp","href":"https:\/\/api.w.org\/{rel}","templated":true}]}}