{"id":108,"date":"2021-12-31T10:39:26","date_gmt":"2021-12-31T09:39:26","guid":{"rendered":"https:\/\/hafhaf.eu\/?post_type=product&#038;p=108"},"modified":"2022-01-02T14:32:16","modified_gmt":"2022-01-02T13:32:16","slug":"yuup-odmastovaci-sampon-pro-kocky-250-ml","status":"publish","type":"product","link":"https:\/\/hafhaf.eu\/?product=yuup-odmastovaci-sampon-pro-kocky-250-ml","title":{"rendered":"Yuup! Odma\u0161\u0165ovac\u00ed \u0161ampon pro ko\u010dky 250 ml"},"content":{"rendered":"<ul class=\"ui--tabs-contents text-left clearfix\">\n<li id=\"description\" class=\"first-item last-item active\">Odma\u0161\u0165ovac\u00ed \u0161ampon pro ko\u010dky Yuup je ide\u00e1ln\u00ed pro zaji\u0161t\u011bn\u00ed hygieny, sv\u011b\u017eesti a zachov\u00e1n\u00ed p\u0159irozen\u00e9 kr\u00e1sy srsti. Dod\u00e1v\u00e1 objem a je vhodn\u00fd pro v\u0161echna plemena ko\u010dek. Obsahuje olej Nigella Sativa (\u010dern\u00fd km\u00edn), v\u00fdta\u017eky z b\u00edl\u00e9 jedle, kop\u0159ivy a \u010derven\u00e9ho jalovce, kvarternizovan\u00fd keratin, kreatin a vitam\u00edny C + E + panthenol.N\u00e1vod k pou\u017eit\u00ed: Na\u0159e\u010fte (doporu\u010den\u00e9 \u0159ed\u011bn\u00ed 1:10 maxim\u00e1ln\u00ed a\u017e 1:20) a aplikujte na mokrou srst zv\u00ed\u0159ete, vmas\u00edrujte a pot\u00e9 opl\u00e1chn\u011bte vla\u017enou vodou. Vyvarujte se kontaktu s o\u010dima. V p\u0159\u00edpad\u011b zasa\u017een\u00ed o\u010d\u00ed vypl\u00e1chn\u011bte vla\u017enou vodou. nepou\u017e\u00edvejte v p\u0159\u00edpad\u011b onemocn\u011bn\u00ed k\u016f\u017ee.<\/li>\n<\/ul>\n","protected":false},"excerpt":{"rendered":"<h3>Recenze<\/h3>\n<div class=\"recenze-zakazniku\">\n<ul>\n<li><strong>Velk\u00fd p\u0159ehled, rychlost a komunikace<\/strong><br \/>\nHodnocen\u00ed: 5\/5 | Datum: p\u0159ed 2 m\u011bs\u00edci<\/li>\n<\/ul>\n<ul>\n<li><strong>Rychle dod\u00e1no<\/strong><br \/>\nHodnocen\u00ed: 5\/5 | Datum: p\u0159ed 3 m\u011bs\u00edci<\/li>\n<\/ul>\n<ul>\n<li><strong>Podestylka super obchod rychl\u00fd i doru\u010den\u00ed zbo\u017e\u00ed a\u017e dom\u016f<\/strong><br \/>\nHodnocen\u00ed: 5\/5 | Datum: p\u0159ed 3 m\u011bs\u00edci<\/li>\n<\/ul>\n<ul>\n<li><strong>Rychl\u00e9 dod\u00e1n\u00ed Skv\u011bl\u00e1 komunikace<\/strong><br \/>\nHodnocen\u00ed: 5\/5 | Datum: p\u0159ed 3 m\u011bs\u00edci<\/li>\n<\/ul>\n<ul>\n<li><strong>Rychl\u00e9 dod\u00e1n\u00ed a bez probl\u00e9m\u016f.<\/strong><br \/>\nHodnocen\u00ed: 5\/5 | Datum: p\u0159ed 6 m\u011bs\u00edci<\/li>\n<\/ul>\n<ul>\n<li><strong>Spolehliv\u00fd obchod. Velk\u00fd v\u00fdb\u011br speci\u00e1ln\u00edch veterin\u00e1rn\u00edch l\u00e9\u010div\u00fdch p\u0159\u00edpravk\u016f za dobrou cenu.<\/strong><br \/>\nHodnocen\u00ed: 5\/5 | Datum: p\u0159ed 7 m\u011bs\u00edci<\/li>\n<\/ul>\n<ul>\n<li><strong>Perfektni obchod<\/strong><br \/>\nHodnocen\u00ed: 5\/5 | Datum: p\u0159ed 9 m\u011bs\u00edci<\/li>\n<\/ul>\n<ul>\n<li><strong>V\u00fdborn\u00e1 komunikace<\/strong><br \/>\nHodnocen\u00ed: 4.5\/5 | Datum: p\u0159ed 1 rokem<\/li>\n<\/ul>\n<ul>\n<li><strong>Rychl\u00e9 jedn\u00e1n\u00ed.<\/strong><br \/>\nHodnocen\u00ed: 5\/5 | Datum: p\u0159ed 1 rokem<\/li>\n<\/ul>\n<\/div>\n<div class=\"pwb-single-product-brands pwb-clearfix\"><span class=\"pwb-text-before-brands-links\">Zna\u010dka:<\/span><a title=\"Zobrazit zna\u010dku\" href=\"https:\/\/www.forpaws.cz\/vyrobce\/yuup\/\">Yuup!<\/a><\/div>\n","protected":false},"featured_media":109,"comment_status":"open","ping_status":"closed","template":"","meta":{"site-sidebar-layout":"no-sidebar","site-content-layout":"default","ast-main-header-display":"","ast-hfb-above-header-display":"","ast-hfb-below-header-display":"","ast-hfb-mobile-header-display":"","site-post-title":"","ast-breadcrumbs-content":"","ast-featured-img":"","footer-sml-layout":"","theme-transparent-header-meta":"","adv-header-id-meta":"","stick-header-meta":"","header-above-stick-meta":"","header-main-stick-meta":"","header-below-stick-meta":""},"product_cat":[21],"product_tag":[],"class_list":{"0":"post-108","1":"product","2":"type-product","3":"status-publish","4":"has-post-thumbnail","6":"product_cat-doporucujeme","7":"product_shipping_class-ppl","9":"first","10":"instock","11":"taxable","12":"shipping-taxable","13":"purchasable","14":"product-type-simple"},"_links":{"self":[{"href":"https:\/\/hafhaf.eu\/index.php?rest_route=\/wp\/v2\/product\/108","targetHints":{"allow":["GET"]}}],"collection":[{"href":"https:\/\/hafhaf.eu\/index.php?rest_route=\/wp\/v2\/product"}],"about":[{"href":"https:\/\/hafhaf.eu\/index.php?rest_route=\/wp\/v2\/types\/product"}],"replies":[{"embeddable":true,"href":"https:\/\/hafhaf.eu\/index.php?rest_route=%2Fwp%2Fv2%2Fcomments&post=108"}],"wp:featuredmedia":[{"embeddable":true,"href":"https:\/\/hafhaf.eu\/index.php?rest_route=\/wp\/v2\/media\/109"}],"wp:attachment":[{"href":"https:\/\/hafhaf.eu\/index.php?rest_route=%2Fwp%2Fv2%2Fmedia&parent=108"}],"wp:term":[{"taxonomy":"product_cat","embeddable":true,"href":"https:\/\/hafhaf.eu\/index.php?rest_route=%2Fwp%2Fv2%2Fproduct_cat&post=108"},{"taxonomy":"product_tag","embeddable":true,"href":"https:\/\/hafhaf.eu\/index.php?rest_route=%2Fwp%2Fv2%2Fproduct_tag&post=108"}],"curies":[{"name":"wp","href":"https:\/\/api.w.org\/{rel}","templated":true}]}}