{"id":110,"date":"2021-12-31T10:43:08","date_gmt":"2021-12-31T09:43:08","guid":{"rendered":"https:\/\/hafhaf.eu\/?post_type=product&#038;p=110"},"modified":"2022-01-02T14:32:12","modified_gmt":"2022-01-02T13:32:12","slug":"zolux-pelech-lenoska-valencia-80cm","status":"publish","type":"product","link":"https:\/\/hafhaf.eu\/?product=zolux-pelech-lenoska-valencia-80cm","title":{"rendered":"Zolux Pelech leno\u0161ka VALENCIA 80cm"},"content":{"rendered":"<ul class=\"ui--tabs-contents text-left clearfix\">\n<li id=\"description\" class=\"first-item last-item active\">Kolekce VALENCIA p\u0159edstavuje elegantn\u00ed a nad\u010dasov\u00fd design ps\u00edch pel\u00ed\u0161k\u016f v lehk\u00fdch barv\u00e1ch s jemn\u00fdm motivem v odst\u00ednech b\u00e9\u017eov\u00e9. V\u0161echny pel\u00ed\u0161ky jsou vyrobeny z vysoce kvalitn\u00edch materi\u00e1l\u016f a vz\u00e1jemn\u011b\u00a0tak propojuj\u00ed pohodl\u00ed s designem.\n<ul>\n<li>\u010dist\u00fd tvar a harmonick\u00e9 k\u0159ivky<\/li>\n<li>pel\u00ed\u0161ek vystl\u00e1n p\u011bnov\u00fdm pol\u0161t\u00e1\u0159em, kter\u00fd zaji\u0161\u0165uje tepelnou izolaci a\u00a0p\u0159ekryt odn\u00edmateln\u00fdm vatov\u00fdm pol\u0161t\u00e1\u0159em pro v\u011bt\u0161\u00ed komfort<\/li>\n<li>odn\u00edmateln\u00fd pol\u0161t\u00e1\u0159 m\u00e1 prateln\u00fd potah<\/li>\n<li>sou\u010d\u00e1st\u00ed pel\u00ed\u0161ku jsou\u00a0dva mal\u00e9 pol\u0161t\u00e1\u0159ky<\/li>\n<\/ul>\n<\/li>\n<\/ul>\n","protected":false},"excerpt":{"rendered":"<h3>Recenze<\/h3>\n<div class=\"recenze-zakazniku\">\n<ul>\n<li><strong>Velk\u00fd p\u0159ehled, rychlost a komunikace<\/strong><br \/>\nHodnocen\u00ed: 5\/5 | Datum: p\u0159ed 2 m\u011bs\u00edci<\/li>\n<\/ul>\n<ul>\n<li><strong>Rychle dod\u00e1no<\/strong><br \/>\nHodnocen\u00ed: 5\/5 | Datum: p\u0159ed 3 m\u011bs\u00edci<\/li>\n<\/ul>\n<ul>\n<li><strong>Podestylka super obchod rychl\u00fd i doru\u010den\u00ed zbo\u017e\u00ed a\u017e dom\u016f<\/strong><br \/>\nHodnocen\u00ed: 5\/5 | Datum: p\u0159ed 3 m\u011bs\u00edci<\/li>\n<\/ul>\n<ul>\n<li><strong>Rychl\u00e9 dod\u00e1n\u00ed Skv\u011bl\u00e1 komunikace<\/strong><br \/>\nHodnocen\u00ed: 5\/5 | Datum: p\u0159ed 3 m\u011bs\u00edci<\/li>\n<\/ul>\n<ul>\n<li><strong>Rychl\u00e9 dod\u00e1n\u00ed a bez probl\u00e9m\u016f.<\/strong><br \/>\nHodnocen\u00ed: 5\/5 | Datum: p\u0159ed 6 m\u011bs\u00edci<\/li>\n<\/ul>\n<ul>\n<li><strong>Spolehliv\u00fd obchod. Velk\u00fd v\u00fdb\u011br speci\u00e1ln\u00edch veterin\u00e1rn\u00edch l\u00e9\u010div\u00fdch p\u0159\u00edpravk\u016f za dobrou cenu.<\/strong><br \/>\nHodnocen\u00ed: 5\/5 | Datum: p\u0159ed 7 m\u011bs\u00edci<\/li>\n<\/ul>\n<ul>\n<li><strong>Perfektni obchod<\/strong><br \/>\nHodnocen\u00ed: 5\/5 | Datum: p\u0159ed 9 m\u011bs\u00edci<\/li>\n<\/ul>\n<ul>\n<li><strong>V\u00fdborn\u00e1 komunikace<\/strong><br \/>\nHodnocen\u00ed: 4.5\/5 | Datum: p\u0159ed 1 rokem<\/li>\n<\/ul>\n<ul>\n<li><strong>Rychl\u00e9 jedn\u00e1n\u00ed.<\/strong><br \/>\nHodnocen\u00ed: 5\/5 | Datum: p\u0159ed 1 rokem<\/li>\n<\/ul>\n<\/div>\n<div class=\"pwb-single-product-brands pwb-clearfix\"><\/div>\n","protected":false},"featured_media":111,"comment_status":"open","ping_status":"closed","template":"","meta":{"site-sidebar-layout":"no-sidebar","site-content-layout":"default","ast-main-header-display":"","ast-hfb-above-header-display":"","ast-hfb-below-header-display":"","ast-hfb-mobile-header-display":"","site-post-title":"","ast-breadcrumbs-content":"","ast-featured-img":"","footer-sml-layout":"","theme-transparent-header-meta":"","adv-header-id-meta":"","stick-header-meta":"","header-above-stick-meta":"","header-main-stick-meta":"","header-below-stick-meta":""},"product_cat":[21],"product_tag":[],"class_list":{"0":"post-110","1":"product","2":"type-product","3":"status-publish","4":"has-post-thumbnail","6":"product_cat-doporucujeme","7":"product_shipping_class-ppl","9":"first","10":"instock","11":"taxable","12":"shipping-taxable","13":"purchasable","14":"product-type-simple"},"_links":{"self":[{"href":"https:\/\/hafhaf.eu\/index.php?rest_route=\/wp\/v2\/product\/110","targetHints":{"allow":["GET"]}}],"collection":[{"href":"https:\/\/hafhaf.eu\/index.php?rest_route=\/wp\/v2\/product"}],"about":[{"href":"https:\/\/hafhaf.eu\/index.php?rest_route=\/wp\/v2\/types\/product"}],"replies":[{"embeddable":true,"href":"https:\/\/hafhaf.eu\/index.php?rest_route=%2Fwp%2Fv2%2Fcomments&post=110"}],"wp:featuredmedia":[{"embeddable":true,"href":"https:\/\/hafhaf.eu\/index.php?rest_route=\/wp\/v2\/media\/111"}],"wp:attachment":[{"href":"https:\/\/hafhaf.eu\/index.php?rest_route=%2Fwp%2Fv2%2Fmedia&parent=110"}],"wp:term":[{"taxonomy":"product_cat","embeddable":true,"href":"https:\/\/hafhaf.eu\/index.php?rest_route=%2Fwp%2Fv2%2Fproduct_cat&post=110"},{"taxonomy":"product_tag","embeddable":true,"href":"https:\/\/hafhaf.eu\/index.php?rest_route=%2Fwp%2Fv2%2Fproduct_tag&post=110"}],"curies":[{"name":"wp","href":"https:\/\/api.w.org\/{rel}","templated":true}]}}