{"id":113,"date":"2021-12-31T10:45:07","date_gmt":"2021-12-31T09:45:07","guid":{"rendered":"https:\/\/hafhaf.eu\/?post_type=product&#038;p=113"},"modified":"2022-01-02T14:32:07","modified_gmt":"2022-01-02T13:32:07","slug":"zolux-skrabadlo-kea-s-seda","status":"publish","type":"product","link":"https:\/\/hafhaf.eu\/?product=zolux-skrabadlo-kea-s-seda","title":{"rendered":"Zolux \u0160krabadlo KEA S \u0161ed\u00e1"},"content":{"rendered":"<ul class=\"ui--tabs-contents text-left clearfix\">\n<li id=\"description\" class=\"first-item last-item active\"><strong>\u0160krabadlo pro ko\u010dky \u2013 2 patra. Rozm\u011br:\u00a0 57 x 58 x 85cm<\/strong>\n<ul>\n<li>\u0160krabadlo KEA zajist\u00ed Va\u0161\u00ed ko\u010dce dostate\u010dnou z\u00e1bavu i odpo\u010dinek.<\/li>\n<li>Nab\u00edz\u00ed n\u011bkolik \u0161krabac\u00edch sloupk\u016f a plo\u0161in i dome\u010dek pro neru\u0161en\u00fd odpo\u010dinek.<\/li>\n<li>\u0160krabadlo nab\u00edz\u00edme ve 3 r\u016fzn\u00fdch velikostech.<\/li>\n<li>Dod\u00e1v\u00e1no v rozlo\u017een\u00e9m stavu.<\/li>\n<\/ul>\n<\/li>\n<\/ul>\n","protected":false},"excerpt":{"rendered":"<h3>Recenze<\/h3>\n<div class=\"recenze-zakazniku\">\n<ul>\n<li><strong>Velk\u00fd p\u0159ehled, rychlost a komunikace<\/strong><br \/>\nHodnocen\u00ed: 5\/5 | Datum: p\u0159ed 2 m\u011bs\u00edci<\/li>\n<\/ul>\n<ul>\n<li><strong>Rychle dod\u00e1no<\/strong><br \/>\nHodnocen\u00ed: 5\/5 | Datum: p\u0159ed 3 m\u011bs\u00edci<\/li>\n<\/ul>\n<ul>\n<li><strong>Podestylka super obchod rychl\u00fd i doru\u010den\u00ed zbo\u017e\u00ed a\u017e dom\u016f<\/strong><br \/>\nHodnocen\u00ed: 5\/5 | Datum: p\u0159ed 3 m\u011bs\u00edci<\/li>\n<\/ul>\n<ul>\n<li><strong>Rychl\u00e9 dod\u00e1n\u00ed Skv\u011bl\u00e1 komunikace<\/strong><br \/>\nHodnocen\u00ed: 5\/5 | Datum: p\u0159ed 3 m\u011bs\u00edci<\/li>\n<\/ul>\n<ul>\n<li><strong>Rychl\u00e9 dod\u00e1n\u00ed a bez probl\u00e9m\u016f.<\/strong><br \/>\nHodnocen\u00ed: 5\/5 | Datum: p\u0159ed 6 m\u011bs\u00edci<\/li>\n<\/ul>\n<ul>\n<li><strong>Spolehliv\u00fd obchod. Velk\u00fd v\u00fdb\u011br speci\u00e1ln\u00edch veterin\u00e1rn\u00edch l\u00e9\u010div\u00fdch p\u0159\u00edpravk\u016f za dobrou cenu.<\/strong><br \/>\nHodnocen\u00ed: 5\/5 | Datum: p\u0159ed 7 m\u011bs\u00edci<\/li>\n<\/ul>\n<ul>\n<li><strong>Perfektni obchod<\/strong><br \/>\nHodnocen\u00ed: 5\/5 | Datum: p\u0159ed 9 m\u011bs\u00edci<\/li>\n<\/ul>\n<ul>\n<li><strong>V\u00fdborn\u00e1 komunikace<\/strong><br \/>\nHodnocen\u00ed: 4.5\/5 | Datum: p\u0159ed 1 rokem<\/li>\n<\/ul>\n<ul>\n<li><strong>Rychl\u00e9 jedn\u00e1n\u00ed.<\/strong><br \/>\nHodnocen\u00ed: 5\/5 | Datum: p\u0159ed 1 rokem<\/li>\n<\/ul>\n<\/div>\n","protected":false},"featured_media":114,"comment_status":"open","ping_status":"closed","template":"","meta":{"site-sidebar-layout":"no-sidebar","site-content-layout":"default","ast-main-header-display":"","ast-hfb-above-header-display":"","ast-hfb-below-header-display":"","ast-hfb-mobile-header-display":"","site-post-title":"","ast-breadcrumbs-content":"","ast-featured-img":"","footer-sml-layout":"","theme-transparent-header-meta":"","adv-header-id-meta":"","stick-header-meta":"","header-above-stick-meta":"","header-main-stick-meta":"","header-below-stick-meta":""},"product_cat":[22,21],"product_tag":[],"class_list":{"0":"post-113","1":"product","2":"type-product","3":"status-publish","4":"has-post-thumbnail","6":"product_cat-akcie","7":"product_cat-doporucujeme","8":"product_shipping_class-ppl","10":"first","11":"instock","12":"sale","13":"taxable","14":"shipping-taxable","15":"purchasable","16":"product-type-simple"},"_links":{"self":[{"href":"https:\/\/hafhaf.eu\/index.php?rest_route=\/wp\/v2\/product\/113","targetHints":{"allow":["GET"]}}],"collection":[{"href":"https:\/\/hafhaf.eu\/index.php?rest_route=\/wp\/v2\/product"}],"about":[{"href":"https:\/\/hafhaf.eu\/index.php?rest_route=\/wp\/v2\/types\/product"}],"replies":[{"embeddable":true,"href":"https:\/\/hafhaf.eu\/index.php?rest_route=%2Fwp%2Fv2%2Fcomments&post=113"}],"wp:featuredmedia":[{"embeddable":true,"href":"https:\/\/hafhaf.eu\/index.php?rest_route=\/wp\/v2\/media\/114"}],"wp:attachment":[{"href":"https:\/\/hafhaf.eu\/index.php?rest_route=%2Fwp%2Fv2%2Fmedia&parent=113"}],"wp:term":[{"taxonomy":"product_cat","embeddable":true,"href":"https:\/\/hafhaf.eu\/index.php?rest_route=%2Fwp%2Fv2%2Fproduct_cat&post=113"},{"taxonomy":"product_tag","embeddable":true,"href":"https:\/\/hafhaf.eu\/index.php?rest_route=%2Fwp%2Fv2%2Fproduct_tag&post=113"}],"curies":[{"name":"wp","href":"https:\/\/api.w.org\/{rel}","templated":true}]}}