{"id":182,"date":"2022-01-02T01:23:48","date_gmt":"2022-01-02T00:23:48","guid":{"rendered":"https:\/\/hafhaf.eu\/?post_type=product&#038;p=182"},"modified":"2022-01-02T14:31:47","modified_gmt":"2022-01-02T13:31:47","slug":"aatu-cat-85-15-chicken-3kg","status":"publish","type":"product","link":"https:\/\/hafhaf.eu\/?product=aatu-cat-85-15-chicken-3kg","title":{"rendered":"AATU Cat 85\/15 Chicken 3kg"},"content":{"rendered":"<ul class=\"ui--tabs-contents text-left clearfix\">\n<li id=\"description\" class=\"first-item last-item active\">AATU \u2013 evolu\u010dn\u00ed p\u0159\u00edrodn\u00ed krmivo speci\u00e1ln\u011b vyvinuto pro ko\u010dky. Obsahuje 85% masa a specifick\u00e9 aminokyseliny vyskytuj\u00edc\u00ed se v mase, jako je taurin, arginin a tryptofan.<br \/>\n<u>Slo\u017een\u00ed:<\/u><br \/>\nKu\u0159e 85%: (\u010derstv\u011b p\u0159ipraven\u00e9 ku\u0159e 50%, su\u0161en\u00e9 ku\u0159e 35%), bat\u00e1ty, cizrna, ku\u0159ec\u00edho v\u00fdvar, lososov\u00fd olej, hr\u00e1ch, vojt\u011b\u0161ka, tapioka, jablko, brusinky, hru\u0161ky, bor\u016fvky, moru\u0161e, pomeran\u010d, mrkev , raj\u010data, \u010dekanku, m\u00e1ta, petr\u017eel, sko\u0159ice, m\u011bs\u00ed\u010dek l\u00e9ka\u0159sk\u00fd, kop\u0159iva dvoudom\u00e1, he\u0159m\u00e1nek, \u0161\u00edpky, Yucca, Spirulina, mo\u0159sk\u00e9 \u0159asy, an\u00fdz, p\u00edskavice \u0159eck\u00e9 seno, oregano, \u0161alv\u011bj, major\u00e1nka, tymi\u00e1n.<br \/>\nVyrobeno bez um\u011bl\u00fdch barviv, konzerva\u010dn\u00edch l\u00e1tek, dochucovadel a bez geneticky modifikovan\u00fdch surovin<br \/>\n<u>Analytick\u00e9 slo\u017eky:<\/u><br \/>\nDus\u00edkat\u00e9 l\u00e1tky 34%, obsah tuku 18%, hrub\u00e1 vl\u00e1knina 3,5%, anorganick\u00e9 l\u00e1tky 8,5%, vlhkost 7%, Omega 6 3,9%, omega 3 1,2%<br \/>\n<u>Nutri\u010dn\u00ed aditiva<\/u>:<br \/>\nTaurin 1500mg, L-karnitin 200 mg<br \/>\n<u>Vitam\u00edny:<\/u><br \/>\nVitamin A 25640 IU, vitamin D3 1740 IU, vitamin E 336 IU<br \/>\n<u>Stopov\u00e9 prvky ve form\u011b slou\u010denin (na 1 kg<\/u>):<br \/>\nMonohydr\u00e1t s\u00edranu \u017eeleznat\u00e9ho 615 mg, monohydr\u00e1t s\u00edranu zine\u010dnat\u00e9ho 427 mg, monohydr\u00e1t s\u00edranu manganat\u00e9ho 72 mg, pentahydr\u00e1d s\u00edranu m\u011b\u010fnat\u00e9ho 46 mg, jodi\u010dnan v\u00e1penat\u00fd bezvod\u00fd 3.77mg, seleni\u010ditan sodn\u00fd 0.42mg<br \/>\n<u>D\u00e1vkov\u00e1n\u00ed:<\/u><br \/>\nHmotnost ko\u010dky\/denn\u00ed d\u00e1vka<br \/>\n2 \u2013 3kg: 35 \u2013 45g<br \/>\n4 \u2013 5kg: \u00a050 \u2013 60g<br \/>\n6 \u2013 7kg: \u00a065 \u2013 75g+<\/li>\n<\/ul>\n","protected":false},"excerpt":{"rendered":"<p>AATU \u2013 evolu\u010dn\u00ed p\u0159\u00edrodn\u00ed krmivo speci\u00e1ln\u011b vyvinuto pro ko\u010dky. Obsahuje 85% masa a specifick\u00e9 aminokyseliny vyskytuj\u00edc\u00ed se v mase, jako je taurin, arginin a tryptofan. Slo\u017een\u00ed: Ku\u0159e 85%: (\u010derstv\u011b p\u0159ipraven\u00e9 ku\u0159e 50%, su\u0161en\u00e9 ku\u0159e 35%), bat\u00e1ty, cizrna, ku\u0159ec\u00edho v\u00fdvar, lososov\u00fd olej, hr\u00e1ch, vojt\u011b\u0161ka, tapioka, jablko, brusinky, hru\u0161ky, bor\u016fvky, moru\u0161e, pomeran\u010d, mrkev , raj\u010data, \u010dekanku, m\u00e1ta, &hellip;<\/p>\n<p class=\"read-more\"> <a class=\"\" href=\"https:\/\/hafhaf.eu\/?product=aatu-cat-85-15-chicken-3kg\"> <span class=\"screen-reader-text\">AATU Cat 85\/15 Chicken 3kg<\/span> Pokra\u010dovat ve \u010dten\u00ed &raquo;<\/a><\/p>\n","protected":false},"featured_media":178,"comment_status":"open","ping_status":"closed","template":"","meta":{"site-sidebar-layout":"no-sidebar","site-content-layout":"default","ast-main-header-display":"","ast-hfb-above-header-display":"","ast-hfb-below-header-display":"","ast-hfb-mobile-header-display":"","site-post-title":"","ast-breadcrumbs-content":"","ast-featured-img":"","footer-sml-layout":"","theme-transparent-header-meta":"","adv-header-id-meta":"","stick-header-meta":"","header-above-stick-meta":"","header-main-stick-meta":"","header-below-stick-meta":""},"product_cat":[24],"product_tag":[],"class_list":{"0":"post-182","1":"product","2":"type-product","3":"status-publish","4":"has-post-thumbnail","6":"product_cat-kocky","7":"product_shipping_class-ppl","9":"first","10":"instock","11":"taxable","12":"shipping-taxable","13":"purchasable","14":"product-type-simple"},"_links":{"self":[{"href":"https:\/\/hafhaf.eu\/index.php?rest_route=\/wp\/v2\/product\/182","targetHints":{"allow":["GET"]}}],"collection":[{"href":"https:\/\/hafhaf.eu\/index.php?rest_route=\/wp\/v2\/product"}],"about":[{"href":"https:\/\/hafhaf.eu\/index.php?rest_route=\/wp\/v2\/types\/product"}],"replies":[{"embeddable":true,"href":"https:\/\/hafhaf.eu\/index.php?rest_route=%2Fwp%2Fv2%2Fcomments&post=182"}],"wp:featuredmedia":[{"embeddable":true,"href":"https:\/\/hafhaf.eu\/index.php?rest_route=\/wp\/v2\/media\/178"}],"wp:attachment":[{"href":"https:\/\/hafhaf.eu\/index.php?rest_route=%2Fwp%2Fv2%2Fmedia&parent=182"}],"wp:term":[{"taxonomy":"product_cat","embeddable":true,"href":"https:\/\/hafhaf.eu\/index.php?rest_route=%2Fwp%2Fv2%2Fproduct_cat&post=182"},{"taxonomy":"product_tag","embeddable":true,"href":"https:\/\/hafhaf.eu\/index.php?rest_route=%2Fwp%2Fv2%2Fproduct_tag&post=182"}],"curies":[{"name":"wp","href":"https:\/\/api.w.org\/{rel}","templated":true}]}}