{"id":185,"date":"2022-01-02T01:27:08","date_gmt":"2022-01-02T00:27:08","guid":{"rendered":"https:\/\/hafhaf.eu\/?post_type=product&#038;p=185"},"modified":"2022-01-02T14:31:34","modified_gmt":"2022-01-02T13:31:34","slug":"acana-cat-bountiful-catch-340g","status":"publish","type":"product","link":"https:\/\/hafhaf.eu\/?product=acana-cat-bountiful-catch-340g","title":{"rendered":"Acana Cat Bountiful Catch 340g"},"content":{"rendered":"<ul class=\"ui--tabs-contents text-left clearfix\">\n<li id=\"description\" class=\"first-item last-item active\">\n<ul class=\"ui--tabs-contents text-left clearfix\">\n<li id=\"description\" class=\"first-item last-item active\"><strong>ACANA BOUNTIFUL CATCH CAT \u2013 voln\u011b loven\u00fd losos, pstruh, sle\u010f a hejk<\/strong>\n<p>Ud\u011blejte radost va\u0161\u00ed ko\u010dce touto skv\u011blou ryb\u00ed recepturou. NOVINKA ACANA BOUNTIFUL CATCH je nabit\u00e1 kvalitn\u00edmi ryb\u00edmi ingrediencemi z voln\u011b loven\u00fdch losos\u016f, sle\u010f\u016f a pstruh\u016f v bohat\u011b vy\u017eivuj\u00edc\u00edm pom\u011bru cel\u00e9 ko\u0159isti (maso, org\u00e1ny a kosti). Tak z\u00edsk\u00e1v\u00e1 va\u0161e ko\u010dka p\u0159irozen\u011b pot\u0159ebn\u00e9 \u017eiviny, kter\u00e9 ji udr\u017euj\u00ed \u0161\u0165astnou, zdravou a silnou.<br \/>\nD\u00edky skv\u011bl\u00e9 chuti si tuto recepturu va\u0161e ko\u010dka jednodu\u0161e zamiluje!<\/p>\n<p><strong>Slo\u017een\u00ed:<\/strong><br \/>\nSyrov\u00fd losos (15 %), dehydrovan\u00fd losos (15 %), dehydrovan\u00fd sle\u010f (15 %), oves, hr\u00e1ch, olej z tresky (8 %), zelen\u00e1 \u010do\u010dka, syrov\u00fd hejk (4 %), syrov\u00fd sle\u010f (4%), cizrna, \u010derven\u00e1 \u010do\u010dka, vl\u00e1knina z \u010do\u010dky, syrov\u00fd duhov\u00fd pstruh (2 %), olej z lososa (2 %), slune\u010dnicov\u00fd olej, su\u0161en\u00e1 \u0159asa, \u010derstv\u00e1 m\u00e1slov\u00e1 d\u00fdn\u011b, \u010derstv\u00e1 d\u00fdn\u011b, \u010derstv\u00e9 brusinky, \u010derstv\u00e9 bor\u016fvky. Dopl\u0148ky (na kg): technologick\u00e9 dopl\u0148ky s p\u0159\u00edrodn\u00edmi antioxidanty a nutri\u010dn\u00ed dopl\u0148kov\u00e9 l\u00e1tky: Cholin chlorid: 1200 mg, Taurin: 400 mg, Hydr\u00e1t chel\u00e1tu zinku a aminokyselin: 150 mg. Vitam\u00edn B1: 12,5 mg, Vitamin B2: 10 mg, Niacin: 50 mg. Vitamin B5: 8 mg. Vitamin B6: 6,5 mg, Kyselina listov\u00e1: 0,75 mg, Biotin: 0,125 mg: Vitamin B12: 0,1 mg. Vitam\u00edn A: 3750 IU, Vitam\u00edn D: 500 IU. Vitam\u00edn E: 170 IU, Vitam\u00edn K: 0,5 mg. Chel\u00e1t m\u011bdi a aminokyselin: 11 mg, L-carnitin: 50 mg. DL-methionin:99 mg. Zootechnick\u00e9 dopl\u0148kov\u00e9 l\u00e1tky: Enterococcus faecium NCIMB10415: 600\u00d710^6CFU.<\/p>\n<p><strong>Analytick\u00e9 slo\u017eky:<\/strong><br \/>\nHrub\u00fd protein \u2013 34 %<br \/>\nObsah tuku \u2013 16 %<br \/>\nHrub\u00e1 vl\u00e1knina \u2013 4 %<br \/>\nHrub\u00fd popel \u2013 9 %<br \/>\nVlhkost \u2013 10 %<br \/>\nV\u00e1pn\u00edk \u2013 2 %<br \/>\nFosfor \u2013 1.4 %<br \/>\nMagnesium \u2013 0,1 %<br \/>\nTaurin \u2013 0.1 %<br \/>\nOmega- 6 \u2013 2.5 %<br \/>\nOmega-3\u00a0\u2013 0,8 %<br \/>\nDHA \/ EPA \u2013 0,3 % \/ 0,2 %<\/p>\n<p><strong>Obsah kalori\u00ed:\u00a0<\/strong>Vyu\u017eiteln\u00e1 energie je 3800 kcal\/kg (433 kcal na 250ml\/114g odm\u011brku).<\/li>\n<\/ul>\n<\/li>\n<\/ul>\n","protected":false},"excerpt":{"rendered":"<p>ACANA BOUNTIFUL CATCH CAT \u2013 voln\u011b loven\u00fd losos, pstruh, sle\u010f a hejk Ud\u011blejte radost va\u0161\u00ed ko\u010dce touto skv\u011blou ryb\u00ed recepturou. NOVINKA ACANA BOUNTIFUL CATCH je nabit\u00e1 kvalitn\u00edmi ryb\u00edmi ingrediencemi z voln\u011b loven\u00fdch losos\u016f, sle\u010f\u016f a pstruh\u016f v bohat\u011b vy\u017eivuj\u00edc\u00edm pom\u011bru cel\u00e9 ko\u0159isti (maso, org\u00e1ny a kosti). Tak z\u00edsk\u00e1v\u00e1 va\u0161e ko\u010dka p\u0159irozen\u011b pot\u0159ebn\u00e9 \u017eiviny, kter\u00e9 ji &hellip;<\/p>\n<p class=\"read-more\"> <a class=\"\" href=\"https:\/\/hafhaf.eu\/?product=acana-cat-bountiful-catch-340g\"> <span class=\"screen-reader-text\">Acana Cat Bountiful Catch 340g<\/span> Pokra\u010dovat ve \u010dten\u00ed &raquo;<\/a><\/p>\n","protected":false},"featured_media":186,"comment_status":"open","ping_status":"closed","template":"","meta":{"site-sidebar-layout":"no-sidebar","site-content-layout":"default","ast-main-header-display":"","ast-hfb-above-header-display":"","ast-hfb-below-header-display":"","ast-hfb-mobile-header-display":"","site-post-title":"","ast-breadcrumbs-content":"","ast-featured-img":"","footer-sml-layout":"","theme-transparent-header-meta":"","adv-header-id-meta":"","stick-header-meta":"","header-above-stick-meta":"","header-main-stick-meta":"","header-below-stick-meta":""},"product_cat":[24],"product_tag":[],"class_list":{"0":"post-185","1":"product","2":"type-product","3":"status-publish","4":"has-post-thumbnail","6":"product_cat-kocky","7":"product_shipping_class-ppl","9":"first","10":"instock","11":"taxable","12":"shipping-taxable","13":"purchasable","14":"product-type-simple"},"_links":{"self":[{"href":"https:\/\/hafhaf.eu\/index.php?rest_route=\/wp\/v2\/product\/185","targetHints":{"allow":["GET"]}}],"collection":[{"href":"https:\/\/hafhaf.eu\/index.php?rest_route=\/wp\/v2\/product"}],"about":[{"href":"https:\/\/hafhaf.eu\/index.php?rest_route=\/wp\/v2\/types\/product"}],"replies":[{"embeddable":true,"href":"https:\/\/hafhaf.eu\/index.php?rest_route=%2Fwp%2Fv2%2Fcomments&post=185"}],"wp:featuredmedia":[{"embeddable":true,"href":"https:\/\/hafhaf.eu\/index.php?rest_route=\/wp\/v2\/media\/186"}],"wp:attachment":[{"href":"https:\/\/hafhaf.eu\/index.php?rest_route=%2Fwp%2Fv2%2Fmedia&parent=185"}],"wp:term":[{"taxonomy":"product_cat","embeddable":true,"href":"https:\/\/hafhaf.eu\/index.php?rest_route=%2Fwp%2Fv2%2Fproduct_cat&post=185"},{"taxonomy":"product_tag","embeddable":true,"href":"https:\/\/hafhaf.eu\/index.php?rest_route=%2Fwp%2Fv2%2Fproduct_tag&post=185"}],"curies":[{"name":"wp","href":"https:\/\/api.w.org\/{rel}","templated":true}]}}