{"id":187,"date":"2022-01-02T01:28:37","date_gmt":"2022-01-02T00:28:37","guid":{"rendered":"https:\/\/hafhaf.eu\/?post_type=product&#038;p=187"},"modified":"2022-01-02T14:31:30","modified_gmt":"2022-01-02T13:31:30","slug":"afp-myska-dreams-catcher-s-rolnickou-baleni-2-ks","status":"publish","type":"product","link":"https:\/\/hafhaf.eu\/?product=afp-myska-dreams-catcher-s-rolnickou-baleni-2-ks","title":{"rendered":"AFP My\u0161ka Dreams Catcher s rolni\u010dkou \u2013 balen\u00ed 2 ks"},"content":{"rendered":"<ul class=\"ui--tabs-contents text-left clearfix\">\n<li id=\"description\" class=\"first-item last-item active\">\n<h2>My\u0161ka AFP Dreams Catcher s rolni\u010dkou \u2013 balen\u00ed 2 ks<\/h2>\n<p>Sametov\u011b ply\u0161ov\u00e1 my\u0161ka v p\u0159\u00edrodn\u00edch barv\u00e1ch s rolni\u010dkou uvnit\u0159. Balen\u00ed 2 ks.<\/p>\n<p>Tato hra\u010dka je vyrobena z velmi m\u011bkk\u00e9ho materi\u00e1lu v kombinaci tlumen\u00fdch barev.<\/p>\n<p>Va\u0161e ko\u010di\u010dka si jist\u011b zamiluje vysoce kvalitn\u00ed um\u011bl\u00fd samet, kter\u00fd je p\u0159\u00edjemn\u00fd na dotek.<\/p>\n<p>Stejn\u011b jako lid\u00e9 se i dom\u00e1c\u00ed zv\u00ed\u0159ata mohou nudit p\u0159i ka\u017edodenn\u00ed rutin\u011b. D\u00edky \u0161irok\u00e9 \u0161k\u00e1le textur, barev a zvuk\u016f va\u0161eho mazl\u00ed\u010dka skv\u011ble zabav\u00edte.<\/p>\n<p>Velikost: 5 x 5 x 5 cm<\/p>\n<p><strong>Varianta dle aktu\u00e1ln\u00ed nab\u00eddky.<\/strong><\/li>\n<\/ul>\n","protected":false},"excerpt":{"rendered":"<p>Ply\u0161ov\u00e1 my\u0161ka v p\u0159\u00edrodn\u00edch barv\u00e1ch s rolni\u010dkou uvnit\u0159. Balen\u00ed 2 ks. Velikost 5 cm. Varianta dle aktu\u00e1ln\u00ed nab\u00eddky.<\/p>\n","protected":false},"featured_media":188,"comment_status":"open","ping_status":"closed","template":"","meta":{"site-sidebar-layout":"no-sidebar","site-content-layout":"default","ast-main-header-display":"","ast-hfb-above-header-display":"","ast-hfb-below-header-display":"","ast-hfb-mobile-header-display":"","site-post-title":"","ast-breadcrumbs-content":"","ast-featured-img":"","footer-sml-layout":"","theme-transparent-header-meta":"","adv-header-id-meta":"","stick-header-meta":"","header-above-stick-meta":"","header-main-stick-meta":"","header-below-stick-meta":""},"product_cat":[24],"product_tag":[],"class_list":{"0":"post-187","1":"product","2":"type-product","3":"status-publish","4":"has-post-thumbnail","6":"product_cat-kocky","7":"product_shipping_class-ppl","9":"first","10":"instock","11":"taxable","12":"shipping-taxable","13":"purchasable","14":"product-type-simple"},"_links":{"self":[{"href":"https:\/\/hafhaf.eu\/index.php?rest_route=\/wp\/v2\/product\/187","targetHints":{"allow":["GET"]}}],"collection":[{"href":"https:\/\/hafhaf.eu\/index.php?rest_route=\/wp\/v2\/product"}],"about":[{"href":"https:\/\/hafhaf.eu\/index.php?rest_route=\/wp\/v2\/types\/product"}],"replies":[{"embeddable":true,"href":"https:\/\/hafhaf.eu\/index.php?rest_route=%2Fwp%2Fv2%2Fcomments&post=187"}],"wp:featuredmedia":[{"embeddable":true,"href":"https:\/\/hafhaf.eu\/index.php?rest_route=\/wp\/v2\/media\/188"}],"wp:attachment":[{"href":"https:\/\/hafhaf.eu\/index.php?rest_route=%2Fwp%2Fv2%2Fmedia&parent=187"}],"wp:term":[{"taxonomy":"product_cat","embeddable":true,"href":"https:\/\/hafhaf.eu\/index.php?rest_route=%2Fwp%2Fv2%2Fproduct_cat&post=187"},{"taxonomy":"product_tag","embeddable":true,"href":"https:\/\/hafhaf.eu\/index.php?rest_route=%2Fwp%2Fv2%2Fproduct_tag&post=187"}],"curies":[{"name":"wp","href":"https:\/\/api.w.org\/{rel}","templated":true}]}}