{"id":193,"date":"2022-01-02T01:33:09","date_gmt":"2022-01-02T00:33:09","guid":{"rendered":"https:\/\/hafhaf.eu\/?post_type=product&#038;p=193"},"modified":"2022-01-02T14:31:16","modified_gmt":"2022-01-02T13:31:16","slug":"alavis-nutri-pro-psy-a-kocky-200ml","status":"publish","type":"product","link":"https:\/\/hafhaf.eu\/?product=alavis-nutri-pro-psy-a-kocky-200ml","title":{"rendered":"Alavis Nutri pro psy a ko\u010dky 200ml"},"content":{"rendered":"<ul class=\"ui--tabs-contents text-left clearfix\">\n<li id=\"description\" class=\"first-item last-item active\"><strong>ALAVIS NUTRI<\/strong>\n<ul>\n<li><strong>LEP\u0160\u00cd KONDICE A VITALITA PRO PSY, KO\u010cKY A FRETKY<\/strong><\/li>\n<li><strong>PRO KVALITN\u00cd A LESKLOU SRST<\/strong><\/li>\n<li><strong>100% P\u0158\u00cdRODN\u00cd LOSOSOV\u00dd OLEJ OBOHACEN\u00dd O MINER\u00c1LY A VITAM\u00cdNY<\/strong><\/li>\n<li><strong>PSI \u2013 KO\u010cKY \u2013 FRETKY<\/strong><\/li>\n<\/ul>\n<p>ALAVIS NUTRI je veterin\u00e1rn\u00ed p\u0159\u00edpravek obsahuj\u00edc\u00ed lososov\u00fd olej, vitaminy (A, D3, E, biotin) a miner\u00e1ln\u00ed l\u00e1tky (Zn, Se) pro rekonvalescenci, lep\u0161\u00ed kondici a vitalitu a pro kvalitn\u00ed, lesklou a zdravou srst, k\u016f\u017ei a dr\u00e1pky u ps\u016f, ko\u010dek a fretek.<br \/>\nALAVIS NUTRI obsahuje p\u0159\u00edrodn\u00ed panensk\u00fd olej z lososa nejvy\u0161\u0161\u00ed kvality, kter\u00fd se skl\u00e1d\u00e1 z omega 3 mastn\u00fdch kyselin, EPA a DHA a je velmi dob\u0159e vst\u0159ebateln\u00fd a t\u00edm i velice dob\u0159e vyu\u017eiteln\u00fd. Olej z lososa zlep\u0161uje kvalitu srsti a m\u00e1 rovn\u011b\u017e pozitivn\u00ed vliv na zlep\u0161en\u00ed celkov\u00e9 zdravotn\u00ed kondice psa, ko\u010dky a fretky, m\u00e1 pozitivn\u00ed vliv na pos\u00edlen\u00ed imunity, mozkov\u00e9 \u010dinnosti, kardiovaskul\u00e1rn\u00edho syst\u00e9mu.<\/p>\n<p><strong>ALAVIS NUTRI je vhodn\u00fd pro:<\/strong><br \/>\npsy, ko\u010dky a fretky a jejich ml\u00e1\u010fata<br \/>\nseniory pro zv\u00fd\u0161en\u00ed kondice a podporu imunity<\/p>\n<p><strong>ALAVIS NUTRI pod\u00e1vejte pro podporu:<\/strong><\/p>\n<ul>\n<li>spr\u00e1vn\u00e9ho v\u00fdvoje ml\u00e1\u010fat<\/li>\n<li>lep\u0161\u00ed kondice a vitality<\/li>\n<li>v rekonvalescenci<\/li>\n<li>p\u0159\u00edjmu krmen\u00ed a vitality p\u0159i onkologick\u00fdch a chronick\u00fdch onemocn\u011bn\u00ed<\/li>\n<li>imunity<\/li>\n<li>l\u00e9\u010dby dermatologick\u00fdch pacient\u016f<\/li>\n<li>hustoty, kvality a lesku srsti<\/li>\n<li>p\u0159i such\u00e9 a l\u00e1mav\u00e9 srsti \u010di nekvalitn\u00ed rohovin\u011b dr\u00e1pk\u016f<\/li>\n<li>pro lep\u0161\u00ed kvalitu srsti, k\u016f\u017ee a dr\u00e1pk\u016f<\/li>\n<\/ul>\n<p><strong>P\u0159\u00edrodn\u00ed panensk\u00fd olej z lososa<\/strong>\u00a0obsa\u017een\u00fd v p\u0159\u00edpravku ALAVIS NUTRI je vysoce kvalitn\u00ed, \u010dist\u00fd a \u010derstv\u00fd olej z lososa, kter\u00fd je zdrojem omega 3 mastn\u00fdch kyselin, kter\u00e9 jsou d\u016fle\u017eit\u00e9 nejen pro zlep\u0161en\u00ed kvality srsti a k\u016f\u017ee, ale tak\u00e9 pro mnoho metabolick\u00fdch proces\u016f v organizmu. EPA kyselina m\u00e1 p\u0159\u00edrodn\u00ed protiz\u00e1n\u011btliv\u00e9 \u00fa\u010dinky a t\u00edm je mimo jin\u00e9 d\u016fle\u017eit\u00e1 i pro hojen\u00ed ko\u017en\u00edch probl\u00e9m\u016f, jako jsou nap\u0159. ko\u017en\u00ed alergie, z\u00e1n\u011bt k\u016f\u017ee \u010di jin\u00e1 ko\u017en\u00ed poran\u011bn\u00ed. DHA kyselina napom\u00e1h\u00e1 lep\u0161\u00edmu v\u00fdvoji mozku u plodu a \u0161t\u011b\u0148at a zlep\u0161uje kognitivn\u00ed funkce u star\u00fdch ps\u016f. Omega 3 mastn\u00e9 kyseliny si organismus psa neum\u00ed s\u00e1m vytvo\u0159it, a proto\u017ee jsou tyto omega 3 mastn\u00e9 kyseliny pro t\u011blo velmi d\u016fle\u017eit\u00e9, tak je pot\u0159eba je do organismu p\u0159id\u00e1vat.<br \/>\nOlej z lososa m\u00e1 nav\u00edc pozitivn\u00ed vliv na pos\u00edlen\u00ed imunity, mozkov\u00e9 \u010dinnosti, kardiovaskul\u00e1rn\u00edho syst\u00e9mu a celkov\u00e9 zdravotn\u00ed kondice psa, ko\u010dky a fretky. Z toho d\u016fvodu je vhodn\u00e9 tento p\u0159\u00edpravek pod\u00e1vat star\u0161\u00edm a star\u00fdm ps\u016fm, ko\u010dk\u00e1m a fretk\u00e1m.<br \/>\n<strong>Vitamin A<\/strong>\u00a0je d\u016fle\u017eit\u00fd antioxidant. Je nezbytn\u00fd pro spr\u00e1vn\u00fd v\u00fdvoj bun\u011bk, kter\u00e9 kryj\u00ed jak vnit\u0159n\u00ed tak vn\u011bj\u0161\u00ed org\u00e1ny, tzn. je d\u016fle\u017eit\u00fd pro obnovu sliznic a k\u016f\u017ee. Vitamin A hraje v\u00fdznamnou roli v imunitn\u00edm syt\u00e9mu, zejm\u00e9na v diferenciaci a proliferaci T lymfocyt\u016f (b\u00edl\u00e9 krvinky). Nem\u00e9n\u011b d\u016fle\u017eit\u00fd je vitamin A p\u0159i embryon\u00e1ln\u00edm v\u00fdvoji, pro tvorbu zrakov\u00e9ho pigmentu.<br \/>\n<strong>Vitamin D3<\/strong>\u00a0napom\u00e1h\u00e1 vst\u0159eb\u00e1v\u00e1n\u00ed v\u00e1pn\u00edku ve st\u0159ev\u011b, co\u017e je d\u016fle\u017eit\u00e9 pro podporu v\u00fdvoje a zdrav\u00ed kost\u00ed a zub\u016f.<br \/>\n<strong>Vitamin E<\/strong>\u00a0je v\u00fdznamn\u00fd antioxidant, kter\u00fd chr\u00e1n\u00ed bun\u011b\u010dn\u00e9 membr\u00e1ny p\u0159ed po\u0161kozen\u00edm voln\u00fdmi kysl\u00edkov\u00fdmi radik\u00e1ly, \u010d\u00edm\u017e napom\u00e1h\u00e1 zpomalovat st\u00e1rnut\u00ed a p\u016fsob\u00ed jako prevence proti n\u00e1dorov\u00fdm onemocn\u011bn\u00edm. M\u00e1 pozitivn\u00ed \u00fa\u010dinky na tvorbu pohlavn\u00edch bun\u011bk, zvy\u0161uje plodnost, podporuje \u010dinnost nervov\u00e9 soustavy a je d\u016fle\u017eit\u00fd pro v\u00fdvoj svalstva.<br \/>\n<strong>Biotin (vitamin H)\u00a0<\/strong>je nezbytn\u00fd pro r\u016fst bun\u011bk a hraje d\u016fle\u017eitou roli v aktivit\u011b enzym\u016f, kter\u00e9 se pod\u00edlej\u00ed na metabolismu organismu, zejm\u00e9na metabolismu mastn\u00fdch kyselin, tuk\u016f a aminokyselin. Je nezbytn\u00fd pro vyu\u017eit\u00ed \u017eivin a t\u00edm pro podporu a r\u016fst tk\u00e1n\u00ed a pro reprodukci zv\u00ed\u0159at. D\u00e1le podporuje vst\u0159eb\u00e1v\u00e1n\u00ed kyseliny listov\u00e9, pantothenov\u00e9 a vitam\u00ednu B12.<br \/>\n<strong>Zinek<\/strong>\u00a0je d\u016fle\u017eit\u00fd pro \u0159adu enzym\u016f, kter\u00e9 jsou pot\u0159eba pro metabolismus bu\u0148ky. Pod\u00edl\u00ed se na regulaci rychlosti bun\u011b\u010dn\u00e9ho d\u011blen\u00ed, bun\u011b\u010dn\u00e9 aktivity a bun\u011b\u010dn\u00e9ho zr\u00e1n\u00ed.<br \/>\n<strong>Selen<\/strong>\u00a0je d\u016fle\u017eit\u00fdm antioxidantem, \u010d\u00edm\u017e sni\u017euje riziko vzniku n\u00e1dorov\u00e9ho onemocn\u011bn\u00ed. P\u016fsob\u00ed pozitivn\u011b na imunitn\u00ed a kardiovaskul\u00e1rn\u00ed syst\u00e9m a sni\u017euje riziko infarktu myokardu a c\u00e9vn\u00edch onemocn\u011bn\u00ed.<\/p>\n<p><strong>\u00da\u010dinn\u00e9 l\u00e1tky v 5 ml:<\/strong><br \/>\nLososov\u00fd olej 4500 mg<br \/>\nOmega 3 mastn\u00e9 kyseliny 585 mg<br \/>\nEPA 90 mg<br \/>\nDHA 135 mg<br \/>\nVitamin A 100 IU<br \/>\nVitamin D3 100 IU<br \/>\nVitamin E 10 IU<br \/>\nZinek 10 mg<br \/>\nBiotin 0,03 mg<br \/>\nSelen 0,006 mg<\/p>\n<p><strong><br \/>\nD\u00e1vkov\u00e1n\u00ed:<\/strong><br \/>\nHmotnost psa, ko\u010dky, fretkyDenn\u00ed d\u00e1vka<br \/>\n0-1 kg1 ml<br \/>\n1-5 kg2,5 ml<br \/>\n5-12 kg5 ml<br \/>\n12-24 kg10 ml<br \/>\n24-48 kg 15 ml<br \/>\n48 a v\u00edce kg20 ml<\/p>\n<p><strong>Zp\u016fsob pou\u017eit\u00ed<\/strong>: Olej se pod\u00e1v\u00e1 denn\u011b dle doporu\u010den\u00e9ho d\u00e1vkov\u00e1n\u00ed samostatn\u011b, do \u010d\u00e1sti krmiva anebo se pod\u00e1v\u00e1 p\u0159\u00edmo do tlamy psa, ko\u010dky, fretky nap\u0159. st\u0159\u00edka\u010dkou.<\/li>\n<\/ul>\n","protected":false},"excerpt":{"rendered":"<p>Veterin\u00e1rn\u00ed p\u0159\u00edpravek obsahuj\u00edc\u00ed lososov\u00fd olej, vitaminy (A, D3, E, biotin) a miner\u00e1ln\u00ed l\u00e1tky (Zn, Se) pro rekonvalescenci, lep\u0161\u00ed kondici a vitalitu a pro kvalitn\u00ed, lesklou a zdravou srst, k\u016f\u017ei a dr\u00e1pky u ps\u016f, ko\u010dek a fretek.<\/p>\n","protected":false},"featured_media":196,"comment_status":"open","ping_status":"closed","template":"","meta":{"site-sidebar-layout":"no-sidebar","site-content-layout":"default","ast-main-header-display":"","ast-hfb-above-header-display":"","ast-hfb-below-header-display":"","ast-hfb-mobile-header-display":"","site-post-title":"","ast-breadcrumbs-content":"","ast-featured-img":"","footer-sml-layout":"","theme-transparent-header-meta":"","adv-header-id-meta":"","stick-header-meta":"","header-above-stick-meta":"","header-main-stick-meta":"","header-below-stick-meta":""},"product_cat":[24],"product_tag":[],"class_list":{"0":"post-193","1":"product","2":"type-product","3":"status-publish","4":"has-post-thumbnail","6":"product_cat-kocky","7":"product_shipping_class-ppl","9":"first","10":"instock","11":"taxable","12":"shipping-taxable","13":"purchasable","14":"product-type-simple"},"_links":{"self":[{"href":"https:\/\/hafhaf.eu\/index.php?rest_route=\/wp\/v2\/product\/193","targetHints":{"allow":["GET"]}}],"collection":[{"href":"https:\/\/hafhaf.eu\/index.php?rest_route=\/wp\/v2\/product"}],"about":[{"href":"https:\/\/hafhaf.eu\/index.php?rest_route=\/wp\/v2\/types\/product"}],"replies":[{"embeddable":true,"href":"https:\/\/hafhaf.eu\/index.php?rest_route=%2Fwp%2Fv2%2Fcomments&post=193"}],"wp:featuredmedia":[{"embeddable":true,"href":"https:\/\/hafhaf.eu\/index.php?rest_route=\/wp\/v2\/media\/196"}],"wp:attachment":[{"href":"https:\/\/hafhaf.eu\/index.php?rest_route=%2Fwp%2Fv2%2Fmedia&parent=193"}],"wp:term":[{"taxonomy":"product_cat","embeddable":true,"href":"https:\/\/hafhaf.eu\/index.php?rest_route=%2Fwp%2Fv2%2Fproduct_cat&post=193"},{"taxonomy":"product_tag","embeddable":true,"href":"https:\/\/hafhaf.eu\/index.php?rest_route=%2Fwp%2Fv2%2Fproduct_tag&post=193"}],"curies":[{"name":"wp","href":"https:\/\/api.w.org\/{rel}","templated":true}]}}