{"id":194,"date":"2022-01-02T01:35:01","date_gmt":"2022-01-02T00:35:01","guid":{"rendered":"https:\/\/hafhaf.eu\/?post_type=product&#038;p=194"},"modified":"2022-01-02T14:31:12","modified_gmt":"2022-01-02T13:31:12","slug":"alavis-enzymoterapie-curenzym-pro-psy-a-kocky-80cps","status":"publish","type":"product","link":"https:\/\/hafhaf.eu\/?product=alavis-enzymoterapie-curenzym-pro-psy-a-kocky-80cps","title":{"rendered":"Alavis Enzymoterapie-Curenzym pro psy a ko\u010dky 80cps"},"content":{"rendered":"<p>Jedn\u00e1 se o veterin\u00e1rn\u00ed p\u0159\u00edpravek ve form\u011b kapsl\u00ed, kter\u00fd je ur\u010den na podporu hojen\u00ed po \u00farazech a operac\u00edch, p\u0159i z\u00e1n\u011btech, pro podporu imunity a podporu l\u00e9\u010dby antibiotiky. Ur\u010den je pro psy a ko\u010dky.<br \/>\nEnzymy v p\u0159\u00edpravku jsou 100% rostlinn\u00e9ho p\u016fvodu, maj\u00ed tedy vy\u0161\u0161\u00ed aktivitu a stabilitu v za\u017e\u00edvac\u00edm traktu.<\/p>\n","protected":false},"excerpt":{"rendered":"<p>Enzymatick\u00fd p\u0159\u00edpravek obsahuj\u00edc\u00ed speci\u00e1ln\u011b vybranou sm\u011bs rostlinn\u00fdch enzym\u016f ur\u010den\u00fd pro podporu hojen\u00ed tk\u00e1n\u00ed a pro pos\u00edlen\u00ed imunity.<\/p>\n","protected":false},"featured_media":195,"comment_status":"open","ping_status":"closed","template":"","meta":{"site-sidebar-layout":"no-sidebar","site-content-layout":"default","ast-main-header-display":"","ast-hfb-above-header-display":"","ast-hfb-below-header-display":"","ast-hfb-mobile-header-display":"","site-post-title":"","ast-breadcrumbs-content":"","ast-featured-img":"","footer-sml-layout":"","theme-transparent-header-meta":"","adv-header-id-meta":"","stick-header-meta":"","header-above-stick-meta":"","header-main-stick-meta":"","header-below-stick-meta":""},"product_cat":[24],"product_tag":[],"class_list":{"0":"post-194","1":"product","2":"type-product","3":"status-publish","4":"has-post-thumbnail","6":"product_cat-kocky","7":"product_shipping_class-ppl","9":"first","10":"instock","11":"taxable","12":"shipping-taxable","13":"purchasable","14":"product-type-simple"},"_links":{"self":[{"href":"https:\/\/hafhaf.eu\/index.php?rest_route=\/wp\/v2\/product\/194","targetHints":{"allow":["GET"]}}],"collection":[{"href":"https:\/\/hafhaf.eu\/index.php?rest_route=\/wp\/v2\/product"}],"about":[{"href":"https:\/\/hafhaf.eu\/index.php?rest_route=\/wp\/v2\/types\/product"}],"replies":[{"embeddable":true,"href":"https:\/\/hafhaf.eu\/index.php?rest_route=%2Fwp%2Fv2%2Fcomments&post=194"}],"wp:featuredmedia":[{"embeddable":true,"href":"https:\/\/hafhaf.eu\/index.php?rest_route=\/wp\/v2\/media\/195"}],"wp:attachment":[{"href":"https:\/\/hafhaf.eu\/index.php?rest_route=%2Fwp%2Fv2%2Fmedia&parent=194"}],"wp:term":[{"taxonomy":"product_cat","embeddable":true,"href":"https:\/\/hafhaf.eu\/index.php?rest_route=%2Fwp%2Fv2%2Fproduct_cat&post=194"},{"taxonomy":"product_tag","embeddable":true,"href":"https:\/\/hafhaf.eu\/index.php?rest_route=%2Fwp%2Fv2%2Fproduct_tag&post=194"}],"curies":[{"name":"wp","href":"https:\/\/api.w.org\/{rel}","templated":true}]}}