{"id":209,"date":"2022-01-02T01:54:38","date_gmt":"2022-01-02T00:54:38","guid":{"rendered":"https:\/\/hafhaf.eu\/?post_type=product&#038;p=209"},"modified":"2022-01-02T14:30:49","modified_gmt":"2022-01-02T13:30:49","slug":"8in1-kost-zvykaci-delights-barbecue-xs-7ks","status":"publish","type":"product","link":"https:\/\/hafhaf.eu\/?product=8in1-kost-zvykaci-delights-barbecue-xs-7ks","title":{"rendered":"8in1 Kost \u017ev\u00fdkac\u00ed Delights Barbecue XS 7ks"},"content":{"rendered":"<ul class=\"ui--tabs-contents text-left clearfix\">\n<li id=\"description\" class=\"first-item last-item active\"><strong>\u017dv\u00fdkac\u00ed pochoutky s ku\u0159ec\u00edm masem a jemn\u011b ko\u0159en\u011bnou barbecue p\u0159\u00edchut\u00ed<\/strong>\n<p>\u2013 ku\u0159ec\u00ed maso zabalen\u00e9 do pr\u00e9miov\u00e9 k\u016f\u017ee, zauzen\u00e9 pro jemn\u011b ko\u0159en\u011bnou barbecue p\u0159\u00edchu\u0165<br \/>\n\u2013 dlouhodob\u00fd po\u017eitek ze \u017ev\u00fdk\u00e1n\u00ed a sou\u010dasn\u00fd p\u00e9\u010de o zuby va\u0161eho psa<br \/>\n\u2013 jen 2 % tuku<br \/>\n\u2013 bez um\u011bl\u00fdch barviv a dochucovadel<\/li>\n<\/ul>\n","protected":false},"excerpt":{"rendered":"<p>\u017dv\u00fdkac\u00ed pochoutky s ku\u0159ec\u00edm masem a jemn\u011b ko\u0159en\u011bnou barbecue p\u0159\u00edchut\u00ed.<\/p>\n","protected":false},"featured_media":210,"comment_status":"open","ping_status":"closed","template":"","meta":{"site-sidebar-layout":"no-sidebar","site-content-layout":"default","ast-main-header-display":"","ast-hfb-above-header-display":"","ast-hfb-below-header-display":"","ast-hfb-mobile-header-display":"","site-post-title":"","ast-breadcrumbs-content":"","ast-featured-img":"","footer-sml-layout":"","theme-transparent-header-meta":"","adv-header-id-meta":"","stick-header-meta":"","header-above-stick-meta":"","header-main-stick-meta":"","header-below-stick-meta":""},"product_cat":[23],"product_tag":[],"class_list":{"0":"post-209","1":"product","2":"type-product","3":"status-publish","4":"has-post-thumbnail","6":"product_cat-psi","7":"product_shipping_class-ppl","9":"first","10":"instock","11":"taxable","12":"shipping-taxable","13":"purchasable","14":"product-type-simple"},"_links":{"self":[{"href":"https:\/\/hafhaf.eu\/index.php?rest_route=\/wp\/v2\/product\/209","targetHints":{"allow":["GET"]}}],"collection":[{"href":"https:\/\/hafhaf.eu\/index.php?rest_route=\/wp\/v2\/product"}],"about":[{"href":"https:\/\/hafhaf.eu\/index.php?rest_route=\/wp\/v2\/types\/product"}],"replies":[{"embeddable":true,"href":"https:\/\/hafhaf.eu\/index.php?rest_route=%2Fwp%2Fv2%2Fcomments&post=209"}],"wp:featuredmedia":[{"embeddable":true,"href":"https:\/\/hafhaf.eu\/index.php?rest_route=\/wp\/v2\/media\/210"}],"wp:attachment":[{"href":"https:\/\/hafhaf.eu\/index.php?rest_route=%2Fwp%2Fv2%2Fmedia&parent=209"}],"wp:term":[{"taxonomy":"product_cat","embeddable":true,"href":"https:\/\/hafhaf.eu\/index.php?rest_route=%2Fwp%2Fv2%2Fproduct_cat&post=209"},{"taxonomy":"product_tag","embeddable":true,"href":"https:\/\/hafhaf.eu\/index.php?rest_route=%2Fwp%2Fv2%2Fproduct_tag&post=209"}],"curies":[{"name":"wp","href":"https:\/\/api.w.org\/{rel}","templated":true}]}}