{"id":211,"date":"2022-01-02T01:55:33","date_gmt":"2022-01-02T00:55:33","guid":{"rendered":"https:\/\/hafhaf.eu\/?post_type=product&#038;p=211"},"modified":"2022-01-02T14:30:43","modified_gmt":"2022-01-02T13:30:43","slug":"8in1-kost-zvykaci-delights-beef-s-1ks","status":"publish","type":"product","link":"https:\/\/hafhaf.eu\/?product=8in1-kost-zvykaci-delights-beef-s-1ks","title":{"rendered":"8in1 Kost \u017ev\u00fdkac\u00ed Delights Beef S 1ks"},"content":{"rendered":"<ul class=\"ui--tabs-contents text-left clearfix\">\n<li id=\"description\" class=\"first-item last-item active\"><strong>\u017dv\u00fdkac\u00ed pochoutky s hov\u011bz\u00edm masem<\/strong>\u2013 odstra\u0148uje zubn\u00ed plak a zabra\u0148uje tvorb\u011b zubn\u00edho kamene<br \/>\n\u2013 kosti s hov\u011bz\u00edm masem jsou bohat\u00e9 na b\u00edlkoviny a vhodn\u00e9 i pro citliv\u00e9 a alergick\u00e9 psy<br \/>\n\u2013 dlouhodob\u00fd po\u017eitek bez zanech\u00e1n\u00ed nevzhledn\u00fdch zbytk\u016f<br \/>\n\u2013 uspokojuje p\u0159irozenou ps\u00ed pot\u0159ebu \u017ev\u00fdkat<br \/>\n\u2013 bez um\u011bl\u00fdch barviv a dochucovadel<br \/>\nSlo\u017eem\u00ed: maso a vedlej\u0161\u00ed produkty z masa (12% hov\u011bz\u00ed maso), miner\u00e1ln\u00ed l\u00e1tky. Jakostn\u00ed znaky: proteiny 82%, vlhkost 14%, oleje a tuky 1%, hrub\u00e9 popeloviny 2%, hrub\u00e1 vl\u00e1knina 3,5%.<\/li>\n<\/ul>\n","protected":false},"excerpt":{"rendered":"<p>\u017dv\u00fdkac\u00ed pochoutky s hov\u011bz\u00edm masem.<\/p>\n","protected":false},"featured_media":212,"comment_status":"open","ping_status":"closed","template":"","meta":{"site-sidebar-layout":"no-sidebar","site-content-layout":"default","ast-main-header-display":"","ast-hfb-above-header-display":"","ast-hfb-below-header-display":"","ast-hfb-mobile-header-display":"","site-post-title":"","ast-breadcrumbs-content":"","ast-featured-img":"","footer-sml-layout":"","theme-transparent-header-meta":"","adv-header-id-meta":"","stick-header-meta":"","header-above-stick-meta":"","header-main-stick-meta":"","header-below-stick-meta":""},"product_cat":[23],"product_tag":[],"class_list":{"0":"post-211","1":"product","2":"type-product","3":"status-publish","4":"has-post-thumbnail","6":"product_cat-psi","7":"product_shipping_class-ppl","9":"first","10":"instock","11":"taxable","12":"shipping-taxable","13":"purchasable","14":"product-type-simple"},"_links":{"self":[{"href":"https:\/\/hafhaf.eu\/index.php?rest_route=\/wp\/v2\/product\/211","targetHints":{"allow":["GET"]}}],"collection":[{"href":"https:\/\/hafhaf.eu\/index.php?rest_route=\/wp\/v2\/product"}],"about":[{"href":"https:\/\/hafhaf.eu\/index.php?rest_route=\/wp\/v2\/types\/product"}],"replies":[{"embeddable":true,"href":"https:\/\/hafhaf.eu\/index.php?rest_route=%2Fwp%2Fv2%2Fcomments&post=211"}],"wp:featuredmedia":[{"embeddable":true,"href":"https:\/\/hafhaf.eu\/index.php?rest_route=\/wp\/v2\/media\/212"}],"wp:attachment":[{"href":"https:\/\/hafhaf.eu\/index.php?rest_route=%2Fwp%2Fv2%2Fmedia&parent=211"}],"wp:term":[{"taxonomy":"product_cat","embeddable":true,"href":"https:\/\/hafhaf.eu\/index.php?rest_route=%2Fwp%2Fv2%2Fproduct_cat&post=211"},{"taxonomy":"product_tag","embeddable":true,"href":"https:\/\/hafhaf.eu\/index.php?rest_route=%2Fwp%2Fv2%2Fproduct_tag&post=211"}],"curies":[{"name":"wp","href":"https:\/\/api.w.org\/{rel}","templated":true}]}}