{"id":213,"date":"2022-01-02T01:57:00","date_gmt":"2022-01-02T00:57:00","guid":{"rendered":"https:\/\/hafhaf.eu\/?post_type=product&#038;p=213"},"modified":"2022-01-02T14:30:38","modified_gmt":"2022-01-02T13:30:38","slug":"8in1-kost-zvykaci-delights-l-1ks","status":"publish","type":"product","link":"https:\/\/hafhaf.eu\/?product=8in1-kost-zvykaci-delights-l-1ks","title":{"rendered":"8in1 Kost \u017ev\u00fdkac\u00ed Delights L 1ks"},"content":{"rendered":"<ul class=\"ui--tabs-contents text-left clearfix\">\n<li id=\"description\" class=\"first-item last-item active\"><strong>Dopl\u0148kov\u00e9 krmivo pro dosp\u011bl\u00e9 psy od 20 do 40 kg v\u00e1hy.<\/strong>\n<p><strong>Krmn\u00fd n\u00e1vod:<\/strong>\u00a0pod\u00e1vejte jako pochoutku k dopln\u011bn\u00ed b\u011b\u017en\u00e9 stravy.<\/p>\n<p><strong>Slo\u017een\u00ed:<\/strong>\u00a0maso a vedlej\u0161\u00ed produkty z masa (12% ku\u0159ec\u00ed maso), miner\u00e1ln\u00ed l\u00e1tky.<\/p>\n<p><strong>Jakostn\u00ed znaky:<\/strong>\u00a0proteiny 82%, vlhkost 14%, popeloviny 2%, tuky 1%, vl\u00e1knina 1%.<\/p>\n<p>&nbsp;<\/li>\n<\/ul>\n","protected":false},"excerpt":{"rendered":"<p>\u017dv\u00fdkac\u00ed kost s miner\u00e1ly a se su\u0161en\u00fdm ku\u0159ec\u00edm masem uvnit\u0159.<\/p>\n","protected":false},"featured_media":214,"comment_status":"open","ping_status":"closed","template":"","meta":{"site-sidebar-layout":"no-sidebar","site-content-layout":"default","ast-main-header-display":"","ast-hfb-above-header-display":"","ast-hfb-below-header-display":"","ast-hfb-mobile-header-display":"","site-post-title":"","ast-breadcrumbs-content":"","ast-featured-img":"","footer-sml-layout":"","theme-transparent-header-meta":"","adv-header-id-meta":"","stick-header-meta":"","header-above-stick-meta":"","header-main-stick-meta":"","header-below-stick-meta":""},"product_cat":[23],"product_tag":[],"class_list":{"0":"post-213","1":"product","2":"type-product","3":"status-publish","4":"has-post-thumbnail","6":"product_cat-psi","7":"product_shipping_class-ppl","9":"first","10":"instock","11":"taxable","12":"shipping-taxable","13":"purchasable","14":"product-type-simple"},"_links":{"self":[{"href":"https:\/\/hafhaf.eu\/index.php?rest_route=\/wp\/v2\/product\/213","targetHints":{"allow":["GET"]}}],"collection":[{"href":"https:\/\/hafhaf.eu\/index.php?rest_route=\/wp\/v2\/product"}],"about":[{"href":"https:\/\/hafhaf.eu\/index.php?rest_route=\/wp\/v2\/types\/product"}],"replies":[{"embeddable":true,"href":"https:\/\/hafhaf.eu\/index.php?rest_route=%2Fwp%2Fv2%2Fcomments&post=213"}],"wp:featuredmedia":[{"embeddable":true,"href":"https:\/\/hafhaf.eu\/index.php?rest_route=\/wp\/v2\/media\/214"}],"wp:attachment":[{"href":"https:\/\/hafhaf.eu\/index.php?rest_route=%2Fwp%2Fv2%2Fmedia&parent=213"}],"wp:term":[{"taxonomy":"product_cat","embeddable":true,"href":"https:\/\/hafhaf.eu\/index.php?rest_route=%2Fwp%2Fv2%2Fproduct_cat&post=213"},{"taxonomy":"product_tag","embeddable":true,"href":"https:\/\/hafhaf.eu\/index.php?rest_route=%2Fwp%2Fv2%2Fproduct_tag&post=213"}],"curies":[{"name":"wp","href":"https:\/\/api.w.org\/{rel}","templated":true}]}}