{"id":215,"date":"2022-01-02T01:58:16","date_gmt":"2022-01-02T00:58:16","guid":{"rendered":"https:\/\/hafhaf.eu\/?post_type=product&#038;p=215"},"modified":"2022-01-02T14:30:34","modified_gmt":"2022-01-02T13:30:34","slug":"8in1-pochoutka-fillets-pro-digest-s-80g","status":"publish","type":"product","link":"https:\/\/hafhaf.eu\/?product=8in1-pochoutka-fillets-pro-digest-s-80g","title":{"rendered":"8in1 Pochoutka Fillets pro digest S 80g"},"content":{"rendered":"<p><b>Dopl\u0148kov\u00e9 krmivo pro dosp\u011bl\u00e9 psy. Perfektn\u00ed pamlsky s lahodnou n\u00e1pln\u00ed, kter\u00e9 sv\u00fdm slo\u017een\u00edm podporuj\u00ed\u00a0zdrav\u00e9 tr\u00e1ven\u00ed\u00a0Va\u0161eho mil\u00e1\u010dka.\u00a0<\/b><\/p>\n<p><b>Slo\u017een\u00ed:\u00a0\u00a0<\/b>maso a \u017eivo\u010di\u0161n\u00e9 produkty (92% ku\u0159ec\u00ed maso), vedlej\u0161\u00ed produkty rostlinn\u00e9ho p\u016fvodu (0,25% pr\u00e1\u0161ek z\u00a0\u010dekankov\u00e9ho ko\u0159ene), miner\u00e1ln\u00ed\u00a0l\u00e1tky<\/p>\n<p><strong>Analytick\u00e9 slo\u017eky:\u00a0\u00a0<\/strong>proteiny 58%, vlhkost 14%, tuky 4,5%, popeloviny 4%, vl\u00e1knina\u00a01%<\/p>\n","protected":false},"excerpt":{"rendered":"<p>Dopl\u0148kov\u00e9 krmivo pro dosp\u011bl\u00e9 psy. Perfektn\u00ed pamlsky s lahodnou n\u00e1pln\u00ed, kter\u00e9 sv\u00fdm slo\u017een\u00edm podporuj\u00ed zdrav\u00e9 tr\u00e1ven\u00ed Va\u0161eho mil\u00e1\u010dka.<\/p>\n","protected":false},"featured_media":216,"comment_status":"open","ping_status":"closed","template":"","meta":{"site-sidebar-layout":"no-sidebar","site-content-layout":"default","ast-main-header-display":"","ast-hfb-above-header-display":"","ast-hfb-below-header-display":"","ast-hfb-mobile-header-display":"","site-post-title":"","ast-breadcrumbs-content":"","ast-featured-img":"","footer-sml-layout":"","theme-transparent-header-meta":"","adv-header-id-meta":"","stick-header-meta":"","header-above-stick-meta":"","header-main-stick-meta":"","header-below-stick-meta":""},"product_cat":[23],"product_tag":[],"class_list":{"0":"post-215","1":"product","2":"type-product","3":"status-publish","4":"has-post-thumbnail","6":"product_cat-psi","7":"product_shipping_class-ppl","9":"first","10":"instock","11":"taxable","12":"shipping-taxable","13":"purchasable","14":"product-type-simple"},"_links":{"self":[{"href":"https:\/\/hafhaf.eu\/index.php?rest_route=\/wp\/v2\/product\/215","targetHints":{"allow":["GET"]}}],"collection":[{"href":"https:\/\/hafhaf.eu\/index.php?rest_route=\/wp\/v2\/product"}],"about":[{"href":"https:\/\/hafhaf.eu\/index.php?rest_route=\/wp\/v2\/types\/product"}],"replies":[{"embeddable":true,"href":"https:\/\/hafhaf.eu\/index.php?rest_route=%2Fwp%2Fv2%2Fcomments&post=215"}],"wp:featuredmedia":[{"embeddable":true,"href":"https:\/\/hafhaf.eu\/index.php?rest_route=\/wp\/v2\/media\/216"}],"wp:attachment":[{"href":"https:\/\/hafhaf.eu\/index.php?rest_route=%2Fwp%2Fv2%2Fmedia&parent=215"}],"wp:term":[{"taxonomy":"product_cat","embeddable":true,"href":"https:\/\/hafhaf.eu\/index.php?rest_route=%2Fwp%2Fv2%2Fproduct_cat&post=215"},{"taxonomy":"product_tag","embeddable":true,"href":"https:\/\/hafhaf.eu\/index.php?rest_route=%2Fwp%2Fv2%2Fproduct_tag&post=215"}],"curies":[{"name":"wp","href":"https:\/\/api.w.org\/{rel}","templated":true}]}}