{"id":217,"date":"2022-01-02T01:59:07","date_gmt":"2022-01-02T00:59:07","guid":{"rendered":"https:\/\/hafhaf.eu\/?post_type=product&#038;p=217"},"modified":"2022-01-02T14:30:29","modified_gmt":"2022-01-02T13:30:29","slug":"8in1-pochoutka-meaty-treats-fd-chicken-50g","status":"publish","type":"product","link":"https:\/\/hafhaf.eu\/?product=8in1-pochoutka-meaty-treats-fd-chicken-50g","title":{"rendered":"8in1 Pochoutka Meaty Treats FD Chicken 50g"},"content":{"rendered":"<p>8in1 masov\u00e9 pamlsky su\u0161en\u00e9 mrazem, ve\u0161ker\u00e1 kvalita a chu\u0165 pr\u00e9miov\u00e9ho masa uchovan\u00e1 v 5 produktech s vynikaj\u00edc\u00edmi druhy masa dopln\u011bn\u00fdmi lahodnou mrkv\u00ed, jablkem \u010di hr\u00e1\u0161kem.<\/p>\n<ul>\n<li>Proces su\u0161en\u00ed mrazem uchov\u00e1v\u00e1 kvalitu i chu\u0165 skute\u010dn\u00e9ho masa a zeleniny<\/li>\n<li>V\u00fdb\u011br z 5 p\u0159\u00edchut\u00ed: 1) 100% ku\u0159ec\u00ed prsa 2) 100% kachn\u00ed prsa , 3) Ku\u0159ec\u00ed maso s hr\u00e1\u0161kem, 4) Ku\u0159ec\u00ed maso s mrkv\u00ed 5) Kachn\u00ed maso s jablkem<\/li>\n<li>Bez p\u0159idan\u00e9ho cukru \/ Bez um\u011bl\u00fdch barviv \/ Bez dochucovadel \/ Bez p\u0159\u00eddatn\u00fdch l\u00e1tek \/ Bez GMO<\/li>\n<li>Bez lepku \/ Bez obilovin<\/li>\n<\/ul>\n","protected":false},"excerpt":{"rendered":"<p>Dopl\u0148kov\u00e9 krmivo pro psy \u2013 masov\u00e9 pamlsky su\u0161en\u00e9 mrazem \u2013 100% ku\u0159ec\u00ed maso.<\/p>\n","protected":false},"featured_media":218,"comment_status":"open","ping_status":"closed","template":"","meta":{"site-sidebar-layout":"no-sidebar","site-content-layout":"default","ast-main-header-display":"","ast-hfb-above-header-display":"","ast-hfb-below-header-display":"","ast-hfb-mobile-header-display":"","site-post-title":"","ast-breadcrumbs-content":"","ast-featured-img":"","footer-sml-layout":"","theme-transparent-header-meta":"","adv-header-id-meta":"","stick-header-meta":"","header-above-stick-meta":"","header-main-stick-meta":"","header-below-stick-meta":""},"product_cat":[23],"product_tag":[],"class_list":{"0":"post-217","1":"product","2":"type-product","3":"status-publish","4":"has-post-thumbnail","6":"product_cat-psi","7":"product_shipping_class-ppl","9":"first","10":"instock","11":"taxable","12":"shipping-taxable","13":"purchasable","14":"product-type-simple"},"_links":{"self":[{"href":"https:\/\/hafhaf.eu\/index.php?rest_route=\/wp\/v2\/product\/217","targetHints":{"allow":["GET"]}}],"collection":[{"href":"https:\/\/hafhaf.eu\/index.php?rest_route=\/wp\/v2\/product"}],"about":[{"href":"https:\/\/hafhaf.eu\/index.php?rest_route=\/wp\/v2\/types\/product"}],"replies":[{"embeddable":true,"href":"https:\/\/hafhaf.eu\/index.php?rest_route=%2Fwp%2Fv2%2Fcomments&post=217"}],"wp:featuredmedia":[{"embeddable":true,"href":"https:\/\/hafhaf.eu\/index.php?rest_route=\/wp\/v2\/media\/218"}],"wp:attachment":[{"href":"https:\/\/hafhaf.eu\/index.php?rest_route=%2Fwp%2Fv2%2Fmedia&parent=217"}],"wp:term":[{"taxonomy":"product_cat","embeddable":true,"href":"https:\/\/hafhaf.eu\/index.php?rest_route=%2Fwp%2Fv2%2Fproduct_cat&post=217"},{"taxonomy":"product_tag","embeddable":true,"href":"https:\/\/hafhaf.eu\/index.php?rest_route=%2Fwp%2Fv2%2Fproduct_tag&post=217"}],"curies":[{"name":"wp","href":"https:\/\/api.w.org\/{rel}","templated":true}]}}