{"id":219,"date":"2022-01-02T02:00:12","date_gmt":"2022-01-02T01:00:12","guid":{"rendered":"https:\/\/hafhaf.eu\/?post_type=product&#038;p=219"},"modified":"2022-01-02T14:30:21","modified_gmt":"2022-01-02T13:30:21","slug":"barking-heads-meaty-treats-beefy-bites-100g","status":"publish","type":"product","link":"https:\/\/hafhaf.eu\/?product=barking-heads-meaty-treats-beefy-bites-100g","title":{"rendered":"BARKING HEADS Meaty Treats Beefy Bites 100g"},"content":{"rendered":"<ul class=\"ui--tabs-contents text-left clearfix\">\n<li id=\"description\" class=\"first-item last-item active\">Pochoutka pro psy vyroben\u00e1 z p\u0159\u00edrodn\u00edch surovin obohacen\u00e1 miner\u00e1ly.<br \/>\nBez lepku, bez p\u0159idan\u00fdch barviv,\u00a0p\u0159\u00edchut\u00ed a konzervant\u016f.<strong>Slo\u017een\u00ed:<\/strong><br \/>\nHov\u011bz\u00ed (30%), vep\u0159ov\u00e9 (30%), r\u00fd\u017ee, su\u0161en\u00e9 hov\u011bz\u00ed maso\u00a0(7%), su\u0161en\u00e9 jehn\u011b\u010d\u00ed maso(7%), miner\u00e1ly, rostlinn\u00fd glycerin, dobromysl, rozmar\u00fdn.<\/p>\n<p><strong>Analytick\u00e9 slo\u017eky:<\/strong><br \/>\nHrub\u00fd protein 26%, hrub\u00fd tuk 16%, hrub\u00fd popel 5%, hrub\u00e1 vl\u00e1knina 1%, vlhkost 22%<\/li>\n<\/ul>\n","protected":false},"excerpt":{"rendered":"<p>Masov\u00e1 pochoutka pro psy.<\/p>\n","protected":false},"featured_media":220,"comment_status":"open","ping_status":"closed","template":"","meta":{"site-sidebar-layout":"no-sidebar","site-content-layout":"default","ast-main-header-display":"","ast-hfb-above-header-display":"","ast-hfb-below-header-display":"","ast-hfb-mobile-header-display":"","site-post-title":"","ast-breadcrumbs-content":"","ast-featured-img":"","footer-sml-layout":"","theme-transparent-header-meta":"","adv-header-id-meta":"","stick-header-meta":"","header-above-stick-meta":"","header-main-stick-meta":"","header-below-stick-meta":""},"product_cat":[23],"product_tag":[],"class_list":{"0":"post-219","1":"product","2":"type-product","3":"status-publish","4":"has-post-thumbnail","6":"product_cat-psi","7":"product_shipping_class-ppl","9":"first","10":"instock","11":"taxable","12":"shipping-taxable","13":"purchasable","14":"product-type-simple"},"_links":{"self":[{"href":"https:\/\/hafhaf.eu\/index.php?rest_route=\/wp\/v2\/product\/219","targetHints":{"allow":["GET"]}}],"collection":[{"href":"https:\/\/hafhaf.eu\/index.php?rest_route=\/wp\/v2\/product"}],"about":[{"href":"https:\/\/hafhaf.eu\/index.php?rest_route=\/wp\/v2\/types\/product"}],"replies":[{"embeddable":true,"href":"https:\/\/hafhaf.eu\/index.php?rest_route=%2Fwp%2Fv2%2Fcomments&post=219"}],"wp:featuredmedia":[{"embeddable":true,"href":"https:\/\/hafhaf.eu\/index.php?rest_route=\/wp\/v2\/media\/220"}],"wp:attachment":[{"href":"https:\/\/hafhaf.eu\/index.php?rest_route=%2Fwp%2Fv2%2Fmedia&parent=219"}],"wp:term":[{"taxonomy":"product_cat","embeddable":true,"href":"https:\/\/hafhaf.eu\/index.php?rest_route=%2Fwp%2Fv2%2Fproduct_cat&post=219"},{"taxonomy":"product_tag","embeddable":true,"href":"https:\/\/hafhaf.eu\/index.php?rest_route=%2Fwp%2Fv2%2Fproduct_tag&post=219"}],"curies":[{"name":"wp","href":"https:\/\/api.w.org\/{rel}","templated":true}]}}