{"id":246,"date":"2022-01-20T11:52:51","date_gmt":"2022-01-20T10:52:51","guid":{"rendered":"https:\/\/hafhaf.eu\/?post_type=product&#038;p=246"},"modified":"2022-01-20T12:04:21","modified_gmt":"2022-01-20T11:04:21","slug":"sponzorsky-dar-1000kc","status":"publish","type":"product","link":"https:\/\/hafhaf.eu\/?product=sponzorsky-dar-1000kc","title":{"rendered":"Sponzorsk\u00fd dar 1000k\u010d"},"content":{"rendered":"<p>R\u00e1di byste n\u011bjak\u00fdm zp\u016fsobem podpo\u0159ili \u010dinnost \u00fatulku ve va\u0161em okol\u00ed, ale nev\u00edte jak?<br \/>\nRozhodn\u011b nic nezkaz\u00edte t\u00edm, kdy\u017e na \u00fa\u010det \u00fatulku po\u0161lete n\u011bjakou tu korunu. Tyto pen\u00edze \u00fatulek pravd\u011bpodobn\u011b pou\u017eije na veterin\u00e1rn\u00ed p\u00e9\u010di o ko\u010dky. Ka\u017ed\u00e1 ko\u010dka, kter\u00e1 p\u0159ijde nov\u011b do \u00fatulku, je okam\u017eit\u011b od\u010dervena a odble\u0161ena, cca od 6 m\u011bs\u00edc\u016f v\u011bku jsou ko\u010dky tak\u00e9 o\u010dkov\u00e1ny.<br \/>\nKa\u017ed\u00e1 ko\u010dka, kter\u00e1 dos\u00e1hne pohlavn\u00ed dosp\u011blosti, podstupuje kastraci, co\u017e je nejv\u011bt\u0161\u00ed finan\u010dn\u00ed polo\u017eka v r\u00e1mci z\u00e1kladn\u00ed zdravotn\u00ed p\u00e9\u010de, kter\u00e1 je ko\u010dce v \u00fatulku poskytnuta. Jen prvotn\u00ed n\u00e1klady na nov\u011b p\u0159\u00edchoz\u00ed ko\u010dku se tedy pohybuj\u00ed okolo tis\u00edce korun. Pro \u00fatulky, jimi\u017e za rok projde t\u0159eba 300 zv\u00ed\u0159at, \u0161plhaj\u00ed n\u00e1klady za veterin\u00e1rn\u00ed p\u00e9\u010di do ohromn\u00fdch v\u00fd\u0161in. A to do toho nepo\u010d\u00edt\u00e1me p\u0159\u00edpady, kdy p\u0159ijde ko\u010di\u010dka nemocn\u00e1 a jej\u00ed stav vy\u017eaduje pod\u00e1v\u00e1n\u00ed l\u00e9k\u016f nebo dokonce operaci.<br \/>\nZa jakoukoli finan\u010dn\u00ed podporu d\u011bkujeme \ud83d\ude42<\/p>\n","protected":false},"excerpt":{"rendered":"<p>R\u00e1di byste n\u011bjak\u00fdm zp\u016fsobem podpo\u0159ili \u010dinnost \u00fatulku ve va\u0161em okol\u00ed, ale nev\u00edte jak? Rozhodn\u011b nic nezkaz\u00edte t\u00edm, kdy\u017e na \u00fa\u010det \u00fatulku po\u0161lete n\u011bjakou tu korunu. Tyto pen\u00edze \u00fatulek pravd\u011bpodobn\u011b pou\u017eije na veterin\u00e1rn\u00ed p\u00e9\u010di o ko\u010dky. Ka\u017ed\u00e1 ko\u010dka, kter\u00e1 p\u0159ijde nov\u011b do \u00fatulku, je okam\u017eit\u011b od\u010dervena a odble\u0161ena, cca od 6 m\u011bs\u00edc\u016f v\u011bku jsou ko\u010dky tak\u00e9 &hellip;<\/p>\n<p class=\"read-more\"> <a class=\"\" href=\"https:\/\/hafhaf.eu\/?product=sponzorsky-dar-1000kc\"> <span class=\"screen-reader-text\">Sponzorsk\u00fd dar 1000k\u010d<\/span> Pokra\u010dovat ve \u010dten\u00ed &raquo;<\/a><\/p>\n","protected":false},"featured_media":244,"comment_status":"open","ping_status":"closed","template":"","meta":{"site-sidebar-layout":"no-sidebar","site-content-layout":"default","ast-main-header-display":"","ast-hfb-above-header-display":"","ast-hfb-below-header-display":"","ast-hfb-mobile-header-display":"","site-post-title":"","ast-breadcrumbs-content":"","ast-featured-img":"","footer-sml-layout":"","theme-transparent-header-meta":"","adv-header-id-meta":"","stick-header-meta":"","header-above-stick-meta":"","header-main-stick-meta":"","header-below-stick-meta":""},"product_cat":[28],"product_tag":[],"class_list":{"0":"post-246","1":"product","2":"type-product","3":"status-publish","4":"has-post-thumbnail","6":"product_cat-sponzorske-dary","8":"first","9":"instock","10":"purchasable","11":"product-type-simple"},"_links":{"self":[{"href":"https:\/\/hafhaf.eu\/index.php?rest_route=\/wp\/v2\/product\/246","targetHints":{"allow":["GET"]}}],"collection":[{"href":"https:\/\/hafhaf.eu\/index.php?rest_route=\/wp\/v2\/product"}],"about":[{"href":"https:\/\/hafhaf.eu\/index.php?rest_route=\/wp\/v2\/types\/product"}],"replies":[{"embeddable":true,"href":"https:\/\/hafhaf.eu\/index.php?rest_route=%2Fwp%2Fv2%2Fcomments&post=246"}],"wp:featuredmedia":[{"embeddable":true,"href":"https:\/\/hafhaf.eu\/index.php?rest_route=\/wp\/v2\/media\/244"}],"wp:attachment":[{"href":"https:\/\/hafhaf.eu\/index.php?rest_route=%2Fwp%2Fv2%2Fmedia&parent=246"}],"wp:term":[{"taxonomy":"product_cat","embeddable":true,"href":"https:\/\/hafhaf.eu\/index.php?rest_route=%2Fwp%2Fv2%2Fproduct_cat&post=246"},{"taxonomy":"product_tag","embeddable":true,"href":"https:\/\/hafhaf.eu\/index.php?rest_route=%2Fwp%2Fv2%2Fproduct_tag&post=246"}],"curies":[{"name":"wp","href":"https:\/\/api.w.org\/{rel}","templated":true}]}}