{"id":54,"date":"2021-12-25T22:15:06","date_gmt":"2021-12-25T21:15:06","guid":{"rendered":"https:\/\/hafhaf.cz\/?product=hoodie-with-logo"},"modified":"2022-01-02T14:32:34","modified_gmt":"2022-01-02T13:32:34","slug":"hoodie-with-logo","status":"publish","type":"product","link":"https:\/\/hafhaf.eu\/?product=hoodie-with-logo","title":{"rendered":"Hurtta Oble\u010dek Extreme Warmer koral camo 45 NEW"},"content":{"rendered":"<p>Bunda Extreme Warmer udr\u017e\u00ed Va\u0161eho psa v teple i v t\u011bch nejn\u00e1ro\u010dn\u011bj\u0161\u00edch podm\u00ednk\u00e1ch. Vnit\u0159n\u00ed f\u00f3liov\u00e1 vrstva odr\u00e1\u017e\u00ed t\u011blesn\u00e9 teplo psa zp\u011bt, d\u00edky \u010demu\u017e zaji\u0161\u0165uje dodate\u010dn\u00e9 teplo.<br \/>\nBunda byla navr\u017eena k ochran\u011b nejv\u00fdznamn\u011bj\u0161\u00edch svalov\u00fdch skupin, vod\u011bodoln\u00fd materi\u00e1l je jemn\u00fd a p\u0159\u00edjemn\u00fd k no\u0161en\u00ed. Vysok\u00fd l\u00edmec zah\u0159\u00edv\u00e1 krk Va\u0161eho psa a lze ho zvednout i pro ochranu u\u0161\u00ed. Reflexn\u00ed prvky 3M zvy\u0161uj\u00ed bezpe\u010dnost ve tm\u011b.<\/p>\n<ul>\n<li>Materi\u00e1l Hurtta s foli\u00ed odr\u00e1\u017eej\u00edc\u00ed teplo<\/li>\n<li>Prody\u0161n\u00fd a vod\u011bodoln\u00fd materi\u00e1l<\/li>\n<li>Nastaviteln\u00fd pas<\/li>\n<li>Ochrann\u00fd l\u00edmec<\/li>\n<li>3M reflexn\u00ed prvky<\/li>\n<\/ul>\n<h4>Tabulka velikost\u00ed<\/h4>\n<p>&nbsp;<\/p>\n<table style=\"height: 380px;\" width=\"1269\">\n<tbody>\n<tr>\n<th>Velikost<\/th>\n<th>A<br \/>\nObvod krku<\/th>\n<th>B<br \/>\nObvod hrudn\u00edku<\/th>\n<th>C<br \/>\nD\u00e9lka zad<\/th>\n<\/tr>\n<tr class=\"row3\">\n<td class=\"column0 style3 s\">25<\/td>\n<td class=\"column1 style3 s\">20-30 cm<\/td>\n<td class=\"column2 style3 s\">30-40 cm<\/td>\n<td class=\"column3 style3 s\">22-27 cm<\/td>\n<\/tr>\n<tr class=\"row4\">\n<td class=\"column0 style4 s\">30<\/td>\n<td class=\"column1 style3 s\">25-35 cm<\/td>\n<td class=\"column2 style3 s\">40-55 cm<\/td>\n<td class=\"column3 style3 s\">27-32 cm<\/td>\n<\/tr>\n<tr class=\"row5\">\n<td class=\"column0 style4 s\">35<\/td>\n<td class=\"column1 style3 s\">25-45 cm<\/td>\n<td class=\"column2 style3 s\">40-60 cm<\/td>\n<td class=\"column3 style3 s\">32-37 cm<\/td>\n<\/tr>\n<tr class=\"row6\">\n<td class=\"column0 style4 s\">40<\/td>\n<td class=\"column1 style3 s\">30-50 cm<\/td>\n<td class=\"column2 style3 s\">45-65 cm<\/td>\n<td class=\"column3 style3 s\">37-42 cm<\/td>\n<\/tr>\n<tr class=\"row7\">\n<td class=\"column0 style4 s\">45<\/td>\n<td class=\"column1 style3 s\">30-50 cm<\/td>\n<td class=\"column2 style3 s\">50-70 cm<\/td>\n<td class=\"column3 style3 s\">42-47 cm<\/td>\n<\/tr>\n<tr class=\"row8\">\n<td class=\"column0 style4 s\">50<\/td>\n<td class=\"column1 style3 s\">35-55 cm<\/td>\n<td class=\"column2 style3 s\">55-75 cm<\/td>\n<td class=\"column3 style3 s\">47-52 cm<\/td>\n<\/tr>\n<tr class=\"row9\">\n<td class=\"column0 style4 s\">55<\/td>\n<td class=\"column1 style3 s\">40-55 cm<\/td>\n<td class=\"column2 style3 s\">60-80 cm<\/td>\n<td class=\"column3 style3 s\">52-57 cm<\/td>\n<\/tr>\n<tr class=\"row10\">\n<td class=\"column0 style4 s\">60<\/td>\n<td class=\"column1 style3 s\">40-60 cm<\/td>\n<td class=\"column2 style3 s\">65-85 cm<\/td>\n<td class=\"column3 style3 s\">57-62 cm<\/td>\n<\/tr>\n<tr class=\"row11\">\n<td class=\"column0 style4 s\">65<\/td>\n<td class=\"column1 style3 s\">45-60 cm<\/td>\n<td class=\"column2 style3 s\">70-90 cm<\/td>\n<td class=\"column3 style3 s\">62-67 cm<\/td>\n<\/tr>\n<\/tbody>\n<\/table>\n","protected":false},"excerpt":{"rendered":"<p>Bunda do nejn\u00e1ro\u010dn\u011bj\u0161\u00edch podm\u00ednek, vod\u011bodoln\u00fd materi\u00e1l, vysok\u00fd l\u00edmec i pro ochranu u\u0161\u00ed, s reflexn\u00edmi prvky.<\/p>\n","protected":false},"featured_media":55,"comment_status":"open","ping_status":"closed","template":"","meta":{"site-sidebar-layout":"no-sidebar","site-content-layout":"boxed-container","ast-main-header-display":"","ast-hfb-above-header-display":"","ast-hfb-below-header-display":"","ast-hfb-mobile-header-display":"","site-post-title":"","ast-breadcrumbs-content":"","ast-featured-img":"","footer-sml-layout":"","theme-transparent-header-meta":"","adv-header-id-meta":"","stick-header-meta":"","header-above-stick-meta":"","header-main-stick-meta":"","header-below-stick-meta":""},"product_cat":[21],"product_tag":[],"class_list":{"0":"post-54","1":"product","2":"type-product","3":"status-publish","4":"has-post-thumbnail","6":"product_cat-doporucujeme","7":"product_shipping_class-ppl","9":"first","10":"instock","11":"taxable","12":"shipping-taxable","13":"purchasable","14":"product-type-simple"},"_links":{"self":[{"href":"https:\/\/hafhaf.eu\/index.php?rest_route=\/wp\/v2\/product\/54","targetHints":{"allow":["GET"]}}],"collection":[{"href":"https:\/\/hafhaf.eu\/index.php?rest_route=\/wp\/v2\/product"}],"about":[{"href":"https:\/\/hafhaf.eu\/index.php?rest_route=\/wp\/v2\/types\/product"}],"replies":[{"embeddable":true,"href":"https:\/\/hafhaf.eu\/index.php?rest_route=%2Fwp%2Fv2%2Fcomments&post=54"}],"wp:featuredmedia":[{"embeddable":true,"href":"https:\/\/hafhaf.eu\/index.php?rest_route=\/wp\/v2\/media\/55"}],"wp:attachment":[{"href":"https:\/\/hafhaf.eu\/index.php?rest_route=%2Fwp%2Fv2%2Fmedia&parent=54"}],"wp:term":[{"taxonomy":"product_cat","embeddable":true,"href":"https:\/\/hafhaf.eu\/index.php?rest_route=%2Fwp%2Fv2%2Fproduct_cat&post=54"},{"taxonomy":"product_tag","embeddable":true,"href":"https:\/\/hafhaf.eu\/index.php?rest_route=%2Fwp%2Fv2%2Fproduct_tag&post=54"}],"curies":[{"name":"wp","href":"https:\/\/api.w.org\/{rel}","templated":true}]}}